{"id":1213,"date":"2017-04-07T00:16:02","date_gmt":"2017-04-07T03:16:02","guid":{"rendered":"http:\/\/www.luizmendes.org\/wordpress\/?page_id=1213"},"modified":"2024-10-02T16:29:51","modified_gmt":"2024-10-02T21:29:51","slug":"hinarios","status":"publish","type":"page","link":"https:\/\/www.luizmendes.org\/wordpress\/hinarios\/","title":{"rendered":"Hin\u00e1rios"},"content":{"rendered":"<p style=\"text-align: center;\"><a href=\"https:\/\/www.luizmendes.org\/wordpress\/hinarios\/hinos-novos\/\">\u00daltimos hinos recebidos<\/a><\/p>\n<hr \/>\n<p><a href=\"https:\/\/www.luizmendes.org\/wordpress\/wp-content\/uploads\/2017\/04\/foto-joao_pedro.jpg\"><img loading=\"lazy\" decoding=\"async\" class=\"wp-image-2669 alignleft\" src=\"https:\/\/www.luizmendes.org\/wordpress\/wp-content\/uploads\/2017\/04\/foto-joao_pedro-150x150.jpg\" alt=\"\" width=\"120\" height=\"120\" srcset=\"https:\/\/www.luizmendes.org\/wordpress\/wp-content\/uploads\/2017\/04\/foto-joao_pedro-150x150.jpg 150w, https:\/\/www.luizmendes.org\/wordpress\/wp-content\/uploads\/2017\/04\/foto-joao_pedro-180x180.jpg 180w, https:\/\/www.luizmendes.org\/wordpress\/wp-content\/uploads\/2017\/04\/foto-joao_pedro-174x174.jpg 174w\" sizes=\"(max-width: 120px) 100vw, 120px\" \/><\/a><strong>Jo\u00e3o Pedro<\/strong><\/p>\n<p style=\"padding-left: 180px;\"><a href=\"https:\/\/www.luizmendes.org\/wordpress\/hinarios\/relogio-de-luz\/\">Rel\u00f3gio de Luz<\/a><\/p>\n<p>Jo\u00e3o Pedro era uma pessoa muito doente e seu hin\u00e1rio relata seu processo de cura. Ele vivia em casa do Presidente Le\u00f4ncio Gomes, como um agregado da fam\u00edlia Gomes, pois manteve-se solteiro. Durante muitos anos este caderno de hin\u00e1rio esteve por desaparecido e foi recuperado gra\u00e7as a uma encomenda do Padrinho Wilson Carneiro. Foi recuperado com Dona Maria Nunes, que apesar de n\u00e3o frequentar muito a igreja devido a idade, era fardada da antiga sede do Mestre e zelava o Rel\u00f3gio de Luz.<\/p>\n<hr \/>\n<p><img loading=\"lazy\" decoding=\"async\" class=\"wp-image-1359 alignleft\" src=\"https:\/\/www.luizmendes.org\/wordpress\/wp-content\/uploads\/2009\/07\/17388862_10203034247732868_3779704943393154262_o-150x150.jpg\" alt=\"\" width=\"120\" height=\"120\" srcset=\"https:\/\/www.luizmendes.org\/wordpress\/wp-content\/uploads\/2009\/07\/17388862_10203034247732868_3779704943393154262_o-150x150.jpg 150w, https:\/\/www.luizmendes.org\/wordpress\/wp-content\/uploads\/2009\/07\/17388862_10203034247732868_3779704943393154262_o-230x230.jpg 230w, https:\/\/www.luizmendes.org\/wordpress\/wp-content\/uploads\/2009\/07\/17388862_10203034247732868_3779704943393154262_o-365x365.jpg 365w\" sizes=\"(max-width: 120px) 100vw, 120px\" \/><strong>Mestre Conselheiro Luiz Mendes do Nascimento<br \/>\n<\/strong><\/p>\n<p style=\"padding-left: 180px;\"><a href=\"https:\/\/www.luizmendes.org\/wordpress\/hinarios\/o-centenario\/\">O Centen\u00e1rio<\/a><\/p>\n<p style=\"padding-left: 180px;\"><a href=\"https:\/\/www.luizmendes.org\/wordpress\/hinarios\/os-chamados\/\">Os Chamados<\/a><\/p>\n<p style=\"padding-left: 180px;\"><a href=\"https:\/\/www.luizmendes.org\/wordpress\/hinarios\/novo-horizonte\/\">Novo Horizonte<\/a><\/p>\n<hr \/>\n<p><img loading=\"lazy\" decoding=\"async\" class=\"wp-image-1826 alignleft\" src=\"https:\/\/www.luizmendes.org\/wordpress\/wp-content\/uploads\/2017\/04\/Mad.-Rizelda-150x150.jpg\" alt=\"\" width=\"120\" height=\"120\" srcset=\"https:\/\/www.luizmendes.org\/wordpress\/wp-content\/uploads\/2017\/04\/Mad.-Rizelda-150x150.jpg 150w, https:\/\/www.luizmendes.org\/wordpress\/wp-content\/uploads\/2017\/04\/Mad.-Rizelda-250x250.jpg 250w, https:\/\/www.luizmendes.org\/wordpress\/wp-content\/uploads\/2017\/04\/Mad.-Rizelda-174x174.jpg 174w\" sizes=\"(max-width: 120px) 100vw, 120px\" \/><strong>Madrinha Rizelda Brito do Nascimento<br \/>\n<\/strong><\/p>\n<p style=\"padding-left: 180px;\"><a href=\"https:\/\/www.luizmendes.org\/wordpress\/hinarios\/hinario-da-mad-rizelda\/\">Hin\u00e1rio da Mad. Rizelda<\/a><\/p>\n<p style=\"padding-left: 30px;\">Esposa do Sr. Luiz Mendes do Nascimento.<\/p>\n<hr \/>\n<p><img loading=\"lazy\" decoding=\"async\" class=\"wp-image-1828 alignleft\" src=\"https:\/\/www.luizmendes.org\/wordpress\/wp-content\/uploads\/2017\/04\/Saturnino-150x150.jpg\" alt=\"\" width=\"120\" height=\"120\" srcset=\"https:\/\/www.luizmendes.org\/wordpress\/wp-content\/uploads\/2017\/04\/Saturnino-150x150.jpg 150w, https:\/\/www.luizmendes.org\/wordpress\/wp-content\/uploads\/2017\/04\/Saturnino-300x300.jpg 300w, https:\/\/www.luizmendes.org\/wordpress\/wp-content\/uploads\/2017\/04\/Saturnino-768x768.jpg 768w, https:\/\/www.luizmendes.org\/wordpress\/wp-content\/uploads\/2017\/04\/Saturnino-1024x1024.jpg 1024w, https:\/\/www.luizmendes.org\/wordpress\/wp-content\/uploads\/2017\/04\/Saturnino-250x250.jpg 250w, https:\/\/www.luizmendes.org\/wordpress\/wp-content\/uploads\/2017\/04\/Saturnino-174x174.jpg 174w, https:\/\/www.luizmendes.org\/wordpress\/wp-content\/uploads\/2017\/04\/Saturnino.jpg 2048w\" sizes=\"(max-width: 120px) 100vw, 120px\" \/><strong>Saturnino Brito do Nascimento<br \/>\n<\/strong><\/p>\n<p style=\"padding-left: 180px;\"><a href=\"https:\/\/www.luizmendes.org\/wordpress\/hinarios\/pequenininho\/\">Pequenininho<\/a><\/p>\n<p style=\"padding-left: 180px;\"><a href=\"https:\/\/www.luizmendes.org\/wordpress\/hinarios\/rei-curador\/\">Rei Curador<\/a><\/p>\n<p style=\"padding-left: 150px;\">Filho do Sr. Luiz Mendes e da Sra. Rizelda.<\/p>\n<hr \/>\n<p><a href=\"https:\/\/www.luizmendes.org\/wordpress\/wp-content\/uploads\/2017\/04\/foto-Solon-Brito.jpg\"><img loading=\"lazy\" decoding=\"async\" class=\"alignleft wp-image-2107 \" src=\"https:\/\/www.luizmendes.org\/wordpress\/wp-content\/uploads\/2017\/04\/foto-Solon-Brito-150x150.jpg\" alt=\"\" width=\"120\" height=\"120\" srcset=\"https:\/\/www.luizmendes.org\/wordpress\/wp-content\/uploads\/2017\/04\/foto-Solon-Brito-150x150.jpg 150w, https:\/\/www.luizmendes.org\/wordpress\/wp-content\/uploads\/2017\/04\/foto-Solon-Brito-180x180.jpg 180w, https:\/\/www.luizmendes.org\/wordpress\/wp-content\/uploads\/2017\/04\/foto-Solon-Brito-300x300.jpg 300w, https:\/\/www.luizmendes.org\/wordpress\/wp-content\/uploads\/2017\/04\/foto-Solon-Brito-600x600.jpg 600w, https:\/\/www.luizmendes.org\/wordpress\/wp-content\/uploads\/2017\/04\/foto-Solon-Brito-250x250.jpg 250w, https:\/\/www.luizmendes.org\/wordpress\/wp-content\/uploads\/2017\/04\/foto-Solon-Brito-174x174.jpg 174w\" sizes=\"(max-width: 120px) 100vw, 120px\" \/><\/a><strong>Solon Brito do Nascimento<\/strong><\/p>\n<p style=\"padding-left: 180px;\"><a href=\"https:\/\/www.luizmendes.org\/wordpress\/hinarios\/misterios-da-natureza\/\">Mist\u00e9rios da Natureza<\/a><\/p>\n<p style=\"padding-left: 180px;\"><a href=\"https:\/\/www.luizmendes.org\/wordpress\/novo-plano\/\">Novo Plano<\/a><\/p>\n<p style=\"padding-left: 150px;\">Filho do Sr. Luiz Mendes e da Sra. Rizelda.<\/p>\n<hr \/>\n<p><a href=\"https:\/\/www.luizmendes.org\/wordpress\/wp-content\/uploads\/2017\/04\/foto-Augusta-Cordeiro.jpg\"><img loading=\"lazy\" decoding=\"async\" class=\"alignleft wp-image-2631 \" src=\"https:\/\/www.luizmendes.org\/wordpress\/wp-content\/uploads\/2017\/04\/foto-Augusta-Cordeiro-150x150.jpg\" alt=\"\" width=\"120\" height=\"120\" srcset=\"https:\/\/www.luizmendes.org\/wordpress\/wp-content\/uploads\/2017\/04\/foto-Augusta-Cordeiro-150x150.jpg 150w, https:\/\/www.luizmendes.org\/wordpress\/wp-content\/uploads\/2017\/04\/foto-Augusta-Cordeiro-180x180.jpg 180w, https:\/\/www.luizmendes.org\/wordpress\/wp-content\/uploads\/2017\/04\/foto-Augusta-Cordeiro-300x300.jpg 300w, https:\/\/www.luizmendes.org\/wordpress\/wp-content\/uploads\/2017\/04\/foto-Augusta-Cordeiro-600x600.jpg 600w, https:\/\/www.luizmendes.org\/wordpress\/wp-content\/uploads\/2017\/04\/foto-Augusta-Cordeiro-250x250.jpg 250w, https:\/\/www.luizmendes.org\/wordpress\/wp-content\/uploads\/2017\/04\/foto-Augusta-Cordeiro-174x174.jpg 174w\" sizes=\"(max-width: 120px) 100vw, 120px\" \/><\/a><strong>Augusta Cordeiro<\/strong><\/p>\n<p style=\"padding-left: 180px;\"><a href=\"https:\/\/www.luizmendes.org\/wordpress\/hinarios\/hinario-augusta-cordeiro\/\">Hin\u00e1rio Augusta Cordeiro<\/a><\/p>\n<p style=\"padding-left: 150px;\">Esposa de Solon Brito do Nascimento.<\/p>\n<hr \/>\n<p><strong><span id=\"cch_f25d4f638f05784\" class=\"_mh6 _wsc\"><span class=\"_3oh- _58nk\"><a href=\"https:\/\/www.luizmendes.org\/wordpress\/wp-content\/uploads\/2017\/04\/foto-holderness-brito.jpg\"><img loading=\"lazy\" decoding=\"async\" class=\"wp-image-2888 alignleft\" src=\"https:\/\/www.luizmendes.org\/wordpress\/wp-content\/uploads\/2017\/04\/foto-holderness-brito-150x150.jpg\" alt=\"\" width=\"120\" height=\"120\" srcset=\"https:\/\/www.luizmendes.org\/wordpress\/wp-content\/uploads\/2017\/04\/foto-holderness-brito-150x150.jpg 150w, https:\/\/www.luizmendes.org\/wordpress\/wp-content\/uploads\/2017\/04\/foto-holderness-brito-180x180.jpg 180w, https:\/\/www.luizmendes.org\/wordpress\/wp-content\/uploads\/2017\/04\/foto-holderness-brito-250x250.jpg 250w, https:\/\/www.luizmendes.org\/wordpress\/wp-content\/uploads\/2017\/04\/foto-holderness-brito-174x174.jpg 174w\" sizes=\"(max-width: 120px) 100vw, 120px\" \/><\/a>Holderness Brito do Nascimento<\/span><\/span><\/strong><\/p>\n<p style=\"padding-left: 180px;\"><a href=\"https:\/\/www.luizmendes.org\/wordpress\/hinarios\/o-valor-de-quem-ensina\/\">O Valor De Quem Ensina<\/a><\/p>\n<p style=\"padding-left: 150px;\">Filho do Sr. Luiz Mendes e da Sra. Rizelda.<\/p>\n<hr \/>\n<p><img loading=\"lazy\" decoding=\"async\" class=\"wp-image-1803 alignleft\" src=\"https:\/\/www.luizmendes.org\/wordpress\/wp-content\/uploads\/2017\/04\/Mad.-Chica-150x150.jpg\" alt=\"\" width=\"120\" height=\"120\" srcset=\"https:\/\/www.luizmendes.org\/wordpress\/wp-content\/uploads\/2017\/04\/Mad.-Chica-150x150.jpg 150w, https:\/\/www.luizmendes.org\/wordpress\/wp-content\/uploads\/2017\/04\/Mad.-Chica-250x250.jpg 250w, https:\/\/www.luizmendes.org\/wordpress\/wp-content\/uploads\/2017\/04\/Mad.-Chica-174x174.jpg 174w\" sizes=\"(max-width: 120px) 100vw, 120px\" \/><strong>Madrinha Francisca do Nascimento Furtado<br \/>\n<\/strong><\/p>\n<p style=\"padding-left: 180px;\"><a href=\"https:\/\/www.luizmendes.org\/wordpress\/hinarios\/hinario-mad-francisca-furtado\/\">Hin\u00e1rio da Mad. Francisca Furtado<\/a><\/p>\n<p>Irm\u00e3 do Sr. Luiz Mendes e esposa do Sr. Em\u00edlio Furtado, coordenadores da sede Luzeiro da Manh\u00e3, em Bujari\/AC.<\/p>\n<hr \/>\n<p><img loading=\"lazy\" decoding=\"async\" class=\"wp-image-1857 alignleft\" src=\"https:\/\/www.luizmendes.org\/wordpress\/wp-content\/uploads\/2017\/04\/foto-Ana_de_Souza-150x150.jpg\" alt=\"\" width=\"120\" height=\"120\" srcset=\"https:\/\/www.luizmendes.org\/wordpress\/wp-content\/uploads\/2017\/04\/foto-Ana_de_Souza-150x150.jpg 150w, https:\/\/www.luizmendes.org\/wordpress\/wp-content\/uploads\/2017\/04\/foto-Ana_de_Souza-180x180.jpg 180w, https:\/\/www.luizmendes.org\/wordpress\/wp-content\/uploads\/2017\/04\/foto-Ana_de_Souza-300x300.jpg 300w, https:\/\/www.luizmendes.org\/wordpress\/wp-content\/uploads\/2017\/04\/foto-Ana_de_Souza-250x250.jpg 250w, https:\/\/www.luizmendes.org\/wordpress\/wp-content\/uploads\/2017\/04\/foto-Ana_de_Souza-174x174.jpg 174w\" sizes=\"(max-width: 120px) 100vw, 120px\" \/><\/p>\n<p><strong>Ana de Souza<\/strong><\/p>\n<p style=\"padding-left: 180px;\"><a href=\"https:\/\/www.luizmendes.org\/wordpress\/hinarios\/a-alvorada\/\">A Alvorada<\/a><\/p>\n<p>Era casada com o Senhor Elias Alves de Brito, fazendo parte do grupo de seguidores que o Mestre Irineu trouxe para morar no Alto Santo. Deixou estes 26 hinos que se destacam por sua mensagem, um pequeno caderno de hin\u00e1rio de for\u00e7a e transforma\u00e7\u00e3o, que podemos at\u00e9 comparar com outros pequenos hin\u00e1rios recebidos por mulheres, como o da irm\u00e3 Maria Dami\u00e3o ou da Madrinha Rita, que parecem mais curtos, concentrados, para assim elevarem o n\u00edvel do trabalho. Ana de Souza, m\u00e3e da Madrinha Rizelda Brito do Nascimento, esposa do Padrinho Luiz Mendes, j\u00e1 partiu para o lado do Mestre, mas apresenta aqui, atrav\u00e9s da voz de sua filha e de seus descendentes, todo o vigor das filhas diletas da Rainha da Floresta.<\/p>\n<hr \/>\n<p><img loading=\"lazy\" decoding=\"async\" class=\"wp-image-1861 alignleft\" src=\"https:\/\/www.luizmendes.org\/wordpress\/wp-content\/uploads\/2017\/04\/foto-Elias_Brito-150x150.jpg\" alt=\"\" width=\"120\" height=\"120\" srcset=\"https:\/\/www.luizmendes.org\/wordpress\/wp-content\/uploads\/2017\/04\/foto-Elias_Brito-150x150.jpg 150w, https:\/\/www.luizmendes.org\/wordpress\/wp-content\/uploads\/2017\/04\/foto-Elias_Brito-180x180.jpg 180w, https:\/\/www.luizmendes.org\/wordpress\/wp-content\/uploads\/2017\/04\/foto-Elias_Brito-300x300.jpg 300w, https:\/\/www.luizmendes.org\/wordpress\/wp-content\/uploads\/2017\/04\/foto-Elias_Brito-250x250.jpg 250w, https:\/\/www.luizmendes.org\/wordpress\/wp-content\/uploads\/2017\/04\/foto-Elias_Brito-174x174.jpg 174w\" sizes=\"(max-width: 120px) 100vw, 120px\" \/><\/p>\n<p><strong>Elias Alves de Brito<\/strong><\/p>\n<p style=\"padding-left: 180px;\"><a href=\"https:\/\/www.luizmendes.org\/wordpress\/hinarios\/elias-brito\/\">Jesus Cristo<\/a><\/p>\n<p>Esposo de Ana de Souza, pai da Madrinha Rizelda Brito do Nascimento. Tamb\u00e9m j\u00e1 partiu para o lado do Mestre. O \u00fanico hino por ele recebido \u00e9 cantado ao t\u00e9rmino do hin\u00e1rio de sua esposa.<\/p>\n<hr \/>\n<p><strong><a href=\"https:\/\/www.luizmendes.org\/wordpress\/wp-content\/uploads\/2017\/04\/foto-teteu.jpg\"><img loading=\"lazy\" decoding=\"async\" class=\"wp-image-2585 alignleft\" src=\"https:\/\/www.luizmendes.org\/wordpress\/wp-content\/uploads\/2017\/04\/foto-teteu-150x150.jpg\" alt=\"\" width=\"120\" height=\"120\" srcset=\"https:\/\/www.luizmendes.org\/wordpress\/wp-content\/uploads\/2017\/04\/foto-teteu-150x150.jpg 150w, https:\/\/www.luizmendes.org\/wordpress\/wp-content\/uploads\/2017\/04\/foto-teteu-180x180.jpg 180w, https:\/\/www.luizmendes.org\/wordpress\/wp-content\/uploads\/2017\/04\/foto-teteu-300x300.jpg 300w, https:\/\/www.luizmendes.org\/wordpress\/wp-content\/uploads\/2017\/04\/foto-teteu-250x250.jpg 250w, https:\/\/www.luizmendes.org\/wordpress\/wp-content\/uploads\/2017\/04\/foto-teteu-174x174.jpg 174w\" sizes=\"(max-width: 120px) 100vw, 120px\" \/><\/a>Francisco Fernando Filho &#8211; Tet\u00e9u<\/strong><\/p>\n<p style=\"padding-left: 180px;\"><a href=\"https:\/\/www.luizmendes.org\/wordpress\/hinarios\/o-assessor\/\">O Assessor (com Presentes)<\/a><\/p>\n<p>Francisco Fernando Filho nasceu no dia 13 de dezembro de 1917, em S\u00e3o Luis do Cear\u00e1. Trouxe de l\u00e1 o apelido Tet\u00e9u, pois era costume seu dormir pouco, como o p\u00e1ssaro tipicamente nordestino que n\u00e3o dorme, s\u00f3 cochila, e chama-se tet\u00e9u. Chegou ao Acre por volta de 1960 e se estabeleceu perto do Alto Santo com esposa e filhos. Em 1963, tomou Daime pela primeira vez das m\u00e3os do pr\u00f3prio Mestre. No dia 21 de junho de 1985 desencarnou, deixando muitas saudades e recorda\u00e7\u00f5es e um bel\u00edssimo hin\u00e1rio constitu\u00eddo de 132 hinos (e mais sete hinos que ele ofertou de presente).<\/p>\n<hr \/>\n<p><a href=\"https:\/\/www.luizmendes.org\/wordpress\/wp-content\/uploads\/2017\/05\/foto-percilia-matos.png\"><img loading=\"lazy\" decoding=\"async\" class=\"wp-image-2458 alignleft\" src=\"https:\/\/www.luizmendes.org\/wordpress\/wp-content\/uploads\/2017\/05\/foto-percilia-matos-150x150.png\" alt=\"\" width=\"120\" height=\"120\" srcset=\"https:\/\/www.luizmendes.org\/wordpress\/wp-content\/uploads\/2017\/05\/foto-percilia-matos-150x150.png 150w, https:\/\/www.luizmendes.org\/wordpress\/wp-content\/uploads\/2017\/05\/foto-percilia-matos-180x180.png 180w, https:\/\/www.luizmendes.org\/wordpress\/wp-content\/uploads\/2017\/05\/foto-percilia-matos-300x300.png 300w, https:\/\/www.luizmendes.org\/wordpress\/wp-content\/uploads\/2017\/05\/foto-percilia-matos-250x250.png 250w, https:\/\/www.luizmendes.org\/wordpress\/wp-content\/uploads\/2017\/05\/foto-percilia-matos-174x174.png 174w\" sizes=\"(max-width: 120px) 100vw, 120px\" \/><\/a><strong>Perc\u00edlia Matos da Silva<\/strong><\/p>\n<p style=\"padding-left: 180px;\"><a href=\"https:\/\/www.luizmendes.org\/wordpress\/bandeira-da-paz\/\">Bandeira da Paz<\/a><\/p>\n<p>Perc\u00edlia Matos da Silva, zeladora da obra do Mestre Irineu, come\u00e7ou a tomar Daime ainda muito crian\u00e7a. Como respons\u00e1vel que foi em dar forma escrita aos hinos formadores da Doutrina, ela se tornou a gerente-geral dos hin\u00e1rios, e assim tinha o encargo de passar a limpo os hinos recebidos, ou seja, corrigi-los. Perc\u00edlia &#8220;Taio Ciris Midam&#8221; Matos da Silva foi chamada pelo Velho Juramid\u00e3 a viver no meio das flores, junto da Virgem Maria e Nossa Senhora da Gl\u00f3ria, no dia 27 de outubro de 2004.<\/p>\n<hr \/>\n<p><a href=\"https:\/\/www.luizmendes.org\/wordpress\/wp-content\/uploads\/2017\/04\/foto-tuffi-rachid.jpg\"><img loading=\"lazy\" decoding=\"async\" class=\"alignleft wp-image-2560 \" src=\"https:\/\/www.luizmendes.org\/wordpress\/wp-content\/uploads\/2017\/04\/foto-tuffi-rachid-150x150.jpg\" alt=\"\" width=\"120\" height=\"120\" srcset=\"https:\/\/www.luizmendes.org\/wordpress\/wp-content\/uploads\/2017\/04\/foto-tuffi-rachid-150x150.jpg 150w, https:\/\/www.luizmendes.org\/wordpress\/wp-content\/uploads\/2017\/04\/foto-tuffi-rachid-180x180.jpg 180w, https:\/\/www.luizmendes.org\/wordpress\/wp-content\/uploads\/2017\/04\/foto-tuffi-rachid-300x300.jpg 300w, https:\/\/www.luizmendes.org\/wordpress\/wp-content\/uploads\/2017\/04\/foto-tuffi-rachid-600x600.jpg 600w, https:\/\/www.luizmendes.org\/wordpress\/wp-content\/uploads\/2017\/04\/foto-tuffi-rachid-250x250.jpg 250w, https:\/\/www.luizmendes.org\/wordpress\/wp-content\/uploads\/2017\/04\/foto-tuffi-rachid-174x174.jpg 174w\" sizes=\"(max-width: 120px) 100vw, 120px\" \/><\/a><strong>Tuffi Rachid Amim<br \/>\n<\/strong><\/p>\n<p style=\"padding-left: 180px;\"><a href=\"https:\/\/www.luizmendes.org\/wordpress\/hinarios\/eu-sou-feliz1\/\">Eu Sou Feliz (Grava\u00e7\u00e3o Fortaleza)<\/a><\/p>\n<p>Tufi Rachid Amim nasceu em Rio Branco-Acre, em 10 de maio de 1952. Quando crian\u00e7a estudou na Escola O Cruzeiro, fundada pelo Mestre Raimundo Irineu Serra, no Alto Santo, e teve como professora dona Perc\u00edlia Matos da Silva. Tufi conheceu o Daime no ano de 1979 e em 1985 se filia a linha do Mestre Irineu no Centro Livre presidido pelo Mestre Conselheiro Luiz Mendes do Nascimento, Centro ao qual pediu fardamento. O hin\u00e1rio \u201cEu Sou Feliz\u201d come\u00e7ou a ser recebido do Astral Superior por Tufi Amim no ano de 1987. O hino 40 foi recebido no dia 27 de outubro de 2004 e anunciava o passamento de Perc\u00edlia Matos. Foi somente \u00e0s 3 da tarde do dia 3 de maio do ano da gra\u00e7a de 2010 que Tufi Rachid Amim partiu para a vida espiritual. Foi para \u201cjunto de Mam\u00e3e\u201d, atendendo o chamado do Velho Juramid\u00e3.<em><br \/>\n<\/em><\/p>\n<hr \/>\n<p style=\"padding-left: 150px;\"><strong>Rubilam Chaves<\/strong><\/p>\n<p style=\"padding-left: 180px;\"><a href=\"https:\/\/www.luizmendes.org\/wordpress\/estrelinha-do-ceu\/\">Estrelinha do C\u00e9u<\/a><\/p>\n<p style=\"padding-left: 150px;\">J\u00e1 se encontra ao lado do Mestre. Deixou quatro hinos, cantados antes do hin\u00e1rio de seu amigo Tufi Rachid.<\/p>\n<hr \/>\n<p style=\"padding-left: 150px;\"><strong>Francisco Ribeiro<\/strong><\/p>\n<p style=\"padding-left: 180px;\"><a href=\"https:\/\/www.luizmendes.org\/wordpress\/hinarios\/bem-cedinho\/\">Bem Cedinho<\/a><\/p>\n<hr \/>\n<p><strong><a href=\"https:\/\/www.luizmendes.org\/wordpress\/wp-content\/uploads\/2017\/04\/foto-edson_alexandre.jpg\"><img loading=\"lazy\" decoding=\"async\" class=\"wp-image-2997 alignleft\" src=\"https:\/\/www.luizmendes.org\/wordpress\/wp-content\/uploads\/2017\/04\/foto-edson_alexandre-300x300.jpg\" alt=\"\" width=\"120\" height=\"120\" srcset=\"https:\/\/www.luizmendes.org\/wordpress\/wp-content\/uploads\/2017\/04\/foto-edson_alexandre-300x300.jpg 300w, https:\/\/www.luizmendes.org\/wordpress\/wp-content\/uploads\/2017\/04\/foto-edson_alexandre-150x150.jpg 150w, https:\/\/www.luizmendes.org\/wordpress\/wp-content\/uploads\/2017\/04\/foto-edson_alexandre-180x180.jpg 180w, https:\/\/www.luizmendes.org\/wordpress\/wp-content\/uploads\/2017\/04\/foto-edson_alexandre-250x250.jpg 250w, https:\/\/www.luizmendes.org\/wordpress\/wp-content\/uploads\/2017\/04\/foto-edson_alexandre.jpg 500w, https:\/\/www.luizmendes.org\/wordpress\/wp-content\/uploads\/2017\/04\/foto-edson_alexandre-174x174.jpg 174w\" sizes=\"(max-width: 120px) 100vw, 120px\" \/><\/a>Edson Alexandre<\/strong><\/p>\n<p style=\"padding-left: 180px;\"><a href=\"https:\/\/www.luizmendes.org\/wordpress\/hinarios\/a-oferenda\/\">A Oferenda<\/a><\/p>\n<hr \/>\n<p><a href=\"https:\/\/www.luizmendes.org\/wordpress\/wp-content\/uploads\/2017\/04\/ceflipeq.bmp\"><img loading=\"lazy\" decoding=\"async\" class=\"alignleft wp-image-1565 \" src=\"https:\/\/www.luizmendes.org\/wordpress\/wp-content\/uploads\/2017\/04\/ceflipeq.bmp\" alt=\"\" width=\"120\" height=\"120\" \/><\/a><strong>Trabalhos de Cura<\/strong><\/p>\n<p style=\"padding-left: 180px;\"><a href=\"https:\/\/www.luizmendes.org\/wordpress\/hinarios\/os-chamados\/\">Os Chamados<\/a><\/p>\n<p style=\"padding-left: 180px;\"><span id=\"cch_fc07590d4284a\" class=\"_mh6 _wsc\"><span class=\"_3oh- _58nk\"><a href=\"https:\/\/www.luizmendes.org\/wordpress\/hinarios\/rei-curador\/\">Rei Curador<\/a><\/span><\/span><\/p>\n<p style=\"padding-left: 180px;\"><a href=\"https:\/\/www.luizmendes.org\/wordpress\/hinarios\/relogio-de-luz\/\"><span id=\"cch_fc07590d4284a\" class=\"_mh6 _wsc\"><span class=\"_3oh- _58nk\">Jo\u00e3o Pedro<\/span><\/span><\/a><\/p>\n<p style=\"padding-left: 180px;\"><a href=\"https:\/\/www.luizmendes.org\/wordpress\/hinarios\/bem-cedinho\/\"><span id=\"cch_fc07590d4284a\" class=\"_mh6 _wsc\"><span class=\"_3oh- _58nk\">Chico Ribeiro<\/span><\/span><\/a><\/p>\n<hr \/>\n<p><a href=\"https:\/\/www.luizmendes.org\/wordpress\/wp-content\/uploads\/2017\/04\/ceflipeq.bmp\"><img loading=\"lazy\" decoding=\"async\" class=\"alignleft wp-image-1565 \" src=\"https:\/\/www.luizmendes.org\/wordpress\/wp-content\/uploads\/2017\/04\/ceflipeq.bmp\" alt=\"\" width=\"120\" height=\"120\" \/><\/a><strong>Hin\u00e1rios das Mulheres<\/strong> (Cantados na Semana Santa)<strong><br \/>\n<\/strong><\/p>\n<p style=\"padding-left: 180px;\"><a href=\"https:\/\/www.luizmendes.org\/wordpress\/hinarios\/a-alvorada\/\"><span id=\"cch_f29d118fece431c\" class=\"_mh6 _wsc\"><span class=\"_3oh- _58nk\">Ana de Souza<\/span><\/span><\/a><\/p>\n<p style=\"padding-left: 180px;\"><a href=\"https:\/\/www.luizmendes.org\/wordpress\/bandeira-da-paz\/\"><span id=\"cch_f29d118fece431c\" class=\"_mh6 _wsc\"><span class=\"_3oh- _58nk\">Perc\u00edlia Matos<\/span><\/span><\/a><\/p>\n<p style=\"padding-left: 180px;\"><a href=\"https:\/\/www.luizmendes.org\/wordpress\/hinarios\/hinario-da-mad-rizelda\/\"><span id=\"cch_f29d118fece431c\" class=\"_mh6 _wsc\"><span class=\"_3oh- _58nk\">Mad. Rizelda<\/span><\/span><\/a><\/p>\n<p style=\"padding-left: 180px;\"><a href=\"https:\/\/www.luizmendes.org\/wordpress\/hinarios\/hinario-mad-francisca-furtado\/\"><span id=\"cch_f29d118fece431c\" class=\"_mh6 _wsc\"><span class=\"_3oh- _58nk\">Mad. Francisca Mendes<\/span><\/span><\/a><\/p>\n<p style=\"padding-left: 180px;\"><span id=\"cch_f29d118fece431c\" class=\"_mh6 _wsc\"><span class=\"_3oh- _58nk\">Maria Dami\u00e3o<\/span><\/span><\/p>\n<p style=\"padding-left: 180px;\"><span id=\"cch_f29d118fece431c\" class=\"_mh6 _wsc\"><span class=\"_3oh- _58nk\">Dona Cec\u00edlia<\/span><\/span><\/p>\n<p style=\"padding-left: 180px;\"><span id=\"cch_f29d118fece431c\" class=\"_mh6 _wsc\"><span class=\"_3oh- _58nk\">Dona Maria Abreu<\/span><\/span><\/p>\n<p style=\"padding-left: 180px;\"><span id=\"cch_f29d118fece431c\" class=\"_mh6 _wsc\"><span class=\"_3oh- _58nk\">Dona Maria Costa<\/span><\/span><\/p>\n<p style=\"padding-left: 180px;\"><a href=\"https:\/\/www.luizmendes.org\/wordpress\/hinarios\/hinario-augusta-cordeiro\/\"><span id=\"cch_f29d118fece431c\" class=\"_mh6 _wsc\"><span class=\"_3oh- _58nk\">Augusta Cordeiro<\/span><\/span><\/a><\/p>\n<p style=\"padding-left: 180px;\"><span id=\"cch_f29d118fece431c\" class=\"_mh6 _wsc\"><span class=\"_3oh- _58nk\">Ev\u00e2nia Maria<\/span><\/span><\/p>\n","protected":false},"excerpt":{"rendered":"<p>\u00daltimos hinos recebidos Jo\u00e3o Pedro Rel\u00f3gio de Luz Jo\u00e3o Pedro era uma pessoa muito doente e seu hin\u00e1rio relata seu processo de cura. Ele vivia em casa do Presidente Le\u00f4ncio Gomes, como um agregado da fam\u00edlia Gomes, pois manteve-se solteiro. Durante muitos anos este caderno de hin\u00e1rio esteve por desaparecido e foi recuperado gra\u00e7as a <a href=\"https:\/\/www.luizmendes.org\/wordpress\/hinarios\/\" rel=\"nofollow\"><span class=\"sr-only\">Read more about Hin\u00e1rios<\/span>[&hellip;]<\/a><\/p>\n","protected":false},"author":14,"featured_media":0,"parent":0,"menu_order":6,"comment_status":"closed","ping_status":"closed","template":"","meta":{"footnotes":"","_links_to":"","_links_to_target":""},"class_list":["post-1213","page","type-page","status-publish","hentry"],"_links":{"self":[{"href":"https:\/\/www.luizmendes.org\/wordpress\/wp-json\/wp\/v2\/pages\/1213"}],"collection":[{"href":"https:\/\/www.luizmendes.org\/wordpress\/wp-json\/wp\/v2\/pages"}],"about":[{"href":"https:\/\/www.luizmendes.org\/wordpress\/wp-json\/wp\/v2\/types\/page"}],"author":[{"embeddable":true,"href":"https:\/\/www.luizmendes.org\/wordpress\/wp-json\/wp\/v2\/users\/14"}],"replies":[{"embeddable":true,"href":"https:\/\/www.luizmendes.org\/wordpress\/wp-json\/wp\/v2\/comments?post=1213"}],"version-history":[{"count":143,"href":"https:\/\/www.luizmendes.org\/wordpress\/wp-json\/wp\/v2\/pages\/1213\/revisions"}],"predecessor-version":[{"id":3685,"href":"https:\/\/www.luizmendes.org\/wordpress\/wp-json\/wp\/v2\/pages\/1213\/revisions\/3685"}],"wp:attachment":[{"href":"https:\/\/www.luizmendes.org\/wordpress\/wp-json\/wp\/v2\/media?parent=1213"}],"curies":[{"name":"wp","href":"https:\/\/api.w.org\/{rel}","templated":true}]}}