{"id":1698,"date":"2017-04-20T20:04:02","date_gmt":"2017-04-20T23:04:02","guid":{"rendered":"http:\/\/www.luizmendes.org\/wordpress\/?page_id=1698"},"modified":"2017-04-25T14:21:21","modified_gmt":"2017-04-25T17:21:21","slug":"como-chegar","status":"publish","type":"page","link":"https:\/\/www.luizmendes.org\/wordpress\/fortaleza\/como-chegar\/","title":{"rendered":"Como chegar"},"content":{"rendered":"<h4><img loading=\"lazy\" decoding=\"async\" class=\"alignnone wp-image-1685 size-full\" src=\"https:\/\/www.luizmendes.org\/wordpress\/wp-content\/uploads\/2011\/07\/anigif2.gif\" alt=\"\" width=\"2000\" height=\"667\" \/><\/h4>\n<h4>LOCALIZA\u00c7\u00c3O E ACESSO<\/h4>\n<p>A Comunidade Fortaleza localiza-se pr\u00f3xima \u00e0s margens do Rio Xipamano, na fronteira do Brasil com a Bol\u00edvia, numa \u00e1rea do Projeto de Assentamento S\u00e3o Gabriel lote: 62 \u2013 Ramal Eletr\u00f4nico Km 15, Munic\u00edpio de Capixaba\/AC, distante 100 km da capital Rio Branco.<\/p>\n<p>O acesso a comunidade d\u00e1-se por via terrestre: a partir de Rio Branco toma-se a Rodovia BR 317, sentido Assis Brasil, passando pelas cidades de Senador Guiomard e Capixaba at\u00e9 chegar ao Ramal Eletr\u00f4nico no Km 89 da mesma rodovia. A partir do Km 05 do Ramal Eletr\u00f4nico, toma-se uma estrada de terra secund\u00e1ria chamada de Ramal do Zelito (ou do Meio) que segue direto a comunidade. Apesar do rigoroso regime chuvas na Amaz\u00f4nia, o ramal \u00e9 trafeg\u00e1vel o ano inteiro.<\/p>\n<p style=\"text-align: center;\"><a href=\"http:\/\/luizmendes.org\/images\/fortaleza_mapa.jpg\"><img loading=\"lazy\" decoding=\"async\" class=\"alignnone \" src=\"http:\/\/luizmendes.org\/images\/fortaleza_mapa.jpg\" width=\"528\" height=\"751\" \/><\/a><\/p>\n<p>O tempo de dura\u00e7\u00e3o da viagem de Rio Branco a comunidade \u00e9 de aproximadamente 02h30min. O custo m\u00e9dio de um t\u00e1xi do Aeroporto Internacional\u00a0de Rio Branco a\u00a0Comunidade Fortaleza\u00a0\u00e9 de aproximadamente R$ 260,00. H\u00e1 tamb\u00e9m linhas de \u00f4nibus intermunicipais que passam pela cidade de Capixaba e o custo m\u00e9dio deste servi\u00e7o \u00e9 o equivalente a R$ 20,00. A partir da cidade de Capixaba\/AC o custo\u00a0de um\u00a0t\u00e1xi \u00e9 de aproximadamente\u00a0R$ 70,00.\u00a0Destacamos abaixo o nome de alguns taxistas da pr\u00f3pria comunidade\u00a0que fazem a rota de Rio Branco\/Fortaleza e Capixaba\/Fortaleza.\u00c9 importante frizar que esse servi\u00e7o deve ser agendado com anteced\u00eancia m\u00ednima de 24Hs.<\/p>\n<ul>\n<li>\u00a0Holderness<\/li>\n<\/ul>\n<p><img loading=\"lazy\" decoding=\"async\" class=\"alignleft size-thumbnail wp-image-905\" title=\"size_590_uno-mille-way\" src=\"https:\/\/www.luizmendes.org\/wordpress\/wp-content\/uploads\/2011\/08\/size_590_uno-mille-way-150x150.jpg\" alt=\"size_590_uno-mille-way\" width=\"142\" height=\"135\" \/><\/p>\n<p>Uno Mille Way climatizado, bagageiro de teto, conforto, pontualidade e seguran\u00e7a<\/p>\n<p>Contato<\/p>\n<p>Celular: (68) 99238-7171\u00a0 <img loading=\"lazy\" decoding=\"async\" class=\"alignnone \" src=\"http:\/\/luizmendes.org\/images\/whatsapp.png\" width=\"25\" height=\"25\" \/><\/p>\n<p>E-mail: <a href=\"mailto:holdernessbrito@gmail.com\">holdernesbrito@gmail.com<\/a><\/p>\n","protected":false},"excerpt":{"rendered":"<p>LOCALIZA\u00c7\u00c3O E ACESSO A Comunidade Fortaleza localiza-se pr\u00f3xima \u00e0s margens do Rio Xipamano, na fronteira do Brasil com a Bol\u00edvia, numa \u00e1rea do Projeto de Assentamento S\u00e3o Gabriel lote: 62 \u2013 Ramal Eletr\u00f4nico Km 15, Munic\u00edpio de Capixaba\/AC, distante 100 km da capital Rio Branco. O acesso a comunidade d\u00e1-se por via terrestre: a partir <a href=\"https:\/\/www.luizmendes.org\/wordpress\/fortaleza\/como-chegar\/\" rel=\"nofollow\"><span class=\"sr-only\">Read more about Como chegar<\/span>[&hellip;]<\/a><\/p>\n","protected":false},"author":14,"featured_media":0,"parent":696,"menu_order":3,"comment_status":"closed","ping_status":"closed","template":"","meta":{"footnotes":"","_links_to":"","_links_to_target":""},"class_list":["post-1698","page","type-page","status-publish","hentry"],"_links":{"self":[{"href":"https:\/\/www.luizmendes.org\/wordpress\/wp-json\/wp\/v2\/pages\/1698"}],"collection":[{"href":"https:\/\/www.luizmendes.org\/wordpress\/wp-json\/wp\/v2\/pages"}],"about":[{"href":"https:\/\/www.luizmendes.org\/wordpress\/wp-json\/wp\/v2\/types\/page"}],"author":[{"embeddable":true,"href":"https:\/\/www.luizmendes.org\/wordpress\/wp-json\/wp\/v2\/users\/14"}],"replies":[{"embeddable":true,"href":"https:\/\/www.luizmendes.org\/wordpress\/wp-json\/wp\/v2\/comments?post=1698"}],"version-history":[{"count":5,"href":"https:\/\/www.luizmendes.org\/wordpress\/wp-json\/wp\/v2\/pages\/1698\/revisions"}],"predecessor-version":[{"id":2254,"href":"https:\/\/www.luizmendes.org\/wordpress\/wp-json\/wp\/v2\/pages\/1698\/revisions\/2254"}],"up":[{"embeddable":true,"href":"https:\/\/www.luizmendes.org\/wordpress\/wp-json\/wp\/v2\/pages\/696"}],"wp:attachment":[{"href":"https:\/\/www.luizmendes.org\/wordpress\/wp-json\/wp\/v2\/media?parent=1698"}],"curies":[{"name":"wp","href":"https:\/\/api.w.org\/{rel}","templated":true}]}}