{"id":2,"date":"2009-07-16T15:33:17","date_gmt":"2009-07-16T18:33:17","guid":{"rendered":"http:\/\/www.luizmendes.org\/wordpress\/?page_id=2"},"modified":"2017-05-02T19:02:02","modified_gmt":"2017-05-02T22:02:02","slug":"luiz-mendes","status":"publish","type":"page","link":"https:\/\/www.luizmendes.org\/wordpress\/luiz-mendes\/","title":{"rendered":"Luiz Mendes"},"content":{"rendered":"<p><img loading=\"lazy\" decoding=\"async\" class=\"alignnone wp-image-1538 size-full\" src=\"https:\/\/www.luizmendes.org\/wordpress\/wp-content\/uploads\/2009\/07\/anigif.gif\" alt=\"\" width=\"2000\" height=\"667\" \/><\/p>\n<p>Na evolu\u00e7\u00e3o e desenvolvimento da Doutrina do Santo Daime, merece especial destaque a pessoa do Mestre-Conselheiro <strong>Luiz Mendes do Nascimento<\/strong>, que acompanhou o nosso fundador Mestre Imperador Raimundo Irineu Serra nos nove \u00faltimos anos de sua exist\u00eancia terrena.<\/p>\n<p>Durante sua conviv\u00eancia com o Mestre Irineu, foi aclamado por ele como orador oficial, devido a sua grande capacidade espiritual de fazer uso da palavra.<\/p>\n<p>\u00c9 zelador do hin\u00e1rio \u201c<em>V\u00f3s sois Baliza<\/em>\u201d de Germano Guilherme. Naquele tempo, quando se executava este hin\u00e1rio eram cantados os seus hinos antes, pois eram ainda poucos. \u201c<em>O Centen\u00e1rio<\/em>\u201d \u00e9 o nome de seu primeiro hin\u00e1rio, j\u00e1 fechado, com 132 hinos. O segundo se chama \u201c<em>Novo Horizonte<\/em>\u201d, atualmente com 43 hinos (abril\/2017).<\/p>\n<p>Luiz Mendes nasceu em 4 de janeiro de 1940 no Estado do Acre. Seu pai era cearense de Uruburetama e sua m\u00e3e acreana. Sua esposa, Madrinha Rizelda, \u00e9 filha de dona Ana de Souza e do sr. Elias Brito, uns dos mais antigos disc\u00edpulos do Mestre.<\/p>\n<p>Ap\u00f3s a passagem do Mestre para o plano espiritual, Padrinho Luiz frequentou os trabalhos durante dois anos na sede original, sob o comando do sr. Le\u00f4ncio Gomes da Silva \u2013 nomeado presidente pelo pr\u00f3prio Mestre e, depois, contribuindo para a expans\u00e3o da Doutrina, foi um dos fundadores do CEFLURIS sob o comando do Padrinho Sebasti\u00e3o Mota de Melo, do CICLU sob o comando do sr. Francisco Fernando Filho (Tet\u00e9u), do CICLUJUR sob o comando dos srs. Tufi Rachid e Ladislaw Nogueira, e de outros centros.<\/p>\n<p>Conta o Mestre-Conselheiro sobre a Festa do Centen\u00e1rio do Mestre Irineu, que ele idealizou e promoveu em Rio Branco:<\/p>\n<blockquote>\n<p style=\"padding-left: 30px;\"><em>Quem primeiro levantou o questionamento da necessidade de uma comemora\u00e7\u00e3o para essa data fui eu, um ano antes, em 1991. Comecei a divulgar e a convidar v\u00e1rios segmentos que comungam essa santa bebida, inclusive o Mapi\u00e1, a Barquinha e a Uni\u00e3o do Vegetal. Cada igreja trouxe seu Daime. Foi uma semana de festa \u2013 domingo a domingo \u2013 sendo que o anivers\u00e1rio dele (15\/12) foi o dia central do evento. Para mim, foi um dos maiores acontecimentos dentro da nossa hist\u00f3ria.<\/em><\/p>\n<\/blockquote>\n<p>Atualmente vive na Vila Fortaleza, comunidade fundada por ele, localizada no munic\u00edpio de Capixaba, BR 317, km 89, Projeto de Assentamento S\u00e3o Gabriel, Ramal da Gameleira ou Eletr\u00f4nico, km 15, a 100 km de Rio Branco, \u00e0s margens do Rio Xipamano na divisa com a Bol\u00edvia. Acompanhado pelos filhos Saturnino, Solon, Solange, Elias, Holderness, Rosalange e Luiz Brito, com suas respectivas fam\u00edlias, e outros amigos e irm\u00e3os, trabalha na floresta com agricultura de subsist\u00eancia, planta\u00e7\u00f5es de Jagube e Rainha, extrativismo, preserva\u00e7\u00e3o ambiental e desenvolvimento sustent\u00e1vel.<\/p>\n<p>Fonte viva de informa\u00e7\u00f5es sobre o nosso Mestre, \u00e9 com grande prazer e alegria que Padrinho Luiz recebe a todos que o procuram para contar os casos e ensinamentos deixados por ele. Saiba mais lendo o depoimento completo:<\/p>\n<p style=\"text-align: center;\"><a href=\"http:\/\/luizmendes.org\/biblioteca\/Depoimento_Luiz_Mendes.pdf\" target=\"_blank\" rel=\"noopener noreferrer\">Depoimento Luiz Mendes<\/a><\/p>\n","protected":false},"excerpt":{"rendered":"<p>Na evolu\u00e7\u00e3o e desenvolvimento da Doutrina do Santo Daime, merece especial destaque a pessoa do Mestre-Conselheiro Luiz Mendes do Nascimento, que acompanhou o nosso fundador Mestre Imperador Raimundo Irineu Serra nos nove \u00faltimos anos de sua exist\u00eancia terrena. Durante sua conviv\u00eancia com o Mestre Irineu, foi aclamado por ele como orador oficial, devido a sua <a href=\"https:\/\/www.luizmendes.org\/wordpress\/luiz-mendes\/\" rel=\"nofollow\"><span class=\"sr-only\">Read more about Luiz Mendes<\/span>[&hellip;]<\/a><\/p>\n","protected":false},"author":12,"featured_media":0,"parent":0,"menu_order":1,"comment_status":"closed","ping_status":"closed","template":"","meta":{"footnotes":"","_links_to":"","_links_to_target":""},"class_list":["post-2","page","type-page","status-publish","hentry"],"_links":{"self":[{"href":"https:\/\/www.luizmendes.org\/wordpress\/wp-json\/wp\/v2\/pages\/2"}],"collection":[{"href":"https:\/\/www.luizmendes.org\/wordpress\/wp-json\/wp\/v2\/pages"}],"about":[{"href":"https:\/\/www.luizmendes.org\/wordpress\/wp-json\/wp\/v2\/types\/page"}],"author":[{"embeddable":true,"href":"https:\/\/www.luizmendes.org\/wordpress\/wp-json\/wp\/v2\/users\/12"}],"replies":[{"embeddable":true,"href":"https:\/\/www.luizmendes.org\/wordpress\/wp-json\/wp\/v2\/comments?post=2"}],"version-history":[{"count":27,"href":"https:\/\/www.luizmendes.org\/wordpress\/wp-json\/wp\/v2\/pages\/2\/revisions"}],"predecessor-version":[{"id":1438,"href":"https:\/\/www.luizmendes.org\/wordpress\/wp-json\/wp\/v2\/pages\/2\/revisions\/1438"}],"wp:attachment":[{"href":"https:\/\/www.luizmendes.org\/wordpress\/wp-json\/wp\/v2\/media?parent=2"}],"curies":[{"name":"wp","href":"https:\/\/api.w.org\/{rel}","templated":true}]}}