{"id":2150,"date":"2017-04-23T20:54:27","date_gmt":"2017-04-23T23:54:27","guid":{"rendered":"http:\/\/www.luizmendes.org\/wordpress\/?page_id=2150"},"modified":"2021-03-02T12:15:09","modified_gmt":"2021-03-02T17:15:09","slug":"hinario-da-mad-rizelda","status":"publish","type":"page","link":"https:\/\/www.luizmendes.org\/wordpress\/hinarios\/hinario-da-mad-rizelda\/","title":{"rendered":"Hin\u00e1rio Mad. Rizelda"},"content":{"rendered":"<p style=\"text-align: center;\"><a href=\"https:\/\/www.luizmendes.org\/wordpress\/wp-content\/uploads\/2017\/04\/Mad.-Rizelda.jpg\"><img loading=\"lazy\" decoding=\"async\" class=\"wp-image-1826 size-medium aligncenter\" src=\"https:\/\/www.luizmendes.org\/wordpress\/wp-content\/uploads\/2017\/04\/Mad.-Rizelda-300x225.jpg\" alt=\"\" width=\"300\" height=\"225\" srcset=\"https:\/\/www.luizmendes.org\/wordpress\/wp-content\/uploads\/2017\/04\/Mad.-Rizelda-300x225.jpg 300w, https:\/\/www.luizmendes.org\/wordpress\/wp-content\/uploads\/2017\/04\/Mad.-Rizelda-768x576.jpg 768w, https:\/\/www.luizmendes.org\/wordpress\/wp-content\/uploads\/2017\/04\/Mad.-Rizelda-1024x768.jpg 1024w, https:\/\/www.luizmendes.org\/wordpress\/wp-content\/uploads\/2017\/04\/Mad.-Rizelda-285x214.jpg 285w, https:\/\/www.luizmendes.org\/wordpress\/wp-content\/uploads\/2017\/04\/Mad.-Rizelda.jpg 2048w\" sizes=\"(max-width: 300px) 100vw, 300px\" \/><\/a>(hin\u00e1rio aberto)<\/p>\n<p style=\"text-align: center;\"><a href=\"http:\/\/luizmendes.org\/hinarios\/rizelda\/Mad%20Rizelda.rar\"><img loading=\"lazy\" decoding=\"async\" class=\"alignnone size-full wp-image-2973\" src=\"https:\/\/www.luizmendes.org\/wordpress\/wp-content\/uploads\/2017\/05\/download-mp3-1.png\" alt=\"\" width=\"120\" height=\"123\" \/><\/a><\/p>\n<hr \/>\n<p><h2 class=\"audioalbum\">Hin\u00e1rio Mad. Rizelda<\/h2><p class=\"audioalbum\"><span><\/span><\/p> <div class=\"track\"><span class=\"songtitle\">Meu Mestre, a V\u00f3s eu pe\u00e7o<\/span><span class=\"songwriter\">(Hin\u00e1rio Mad. Rizelda)<\/span><span class=\"audiobutton\"><\/span><div class=\"albumtrack\" style=\"visibility:hidden;\"><!--[if lt IE 9]><script>document.createElement('audio');<\/script><![endif]-->\n<audio class=\"wp-audio-shortcode\" id=\"audio-2150-1\" preload=\"metadata\" style=\"width: 100%;\" controls=\"controls\"><source type=\"audio\/mpeg\" src=\"http:\/\/luizmendes.org\/hinarios\/rizelda\/1%20meu%20mestre%20a%20vos%20eu%20peco.mp3?_=1\" \/><a href=\"http:\/\/luizmendes.org\/hinarios\/rizelda\/1%20meu%20mestre%20a%20vos%20eu%20peco.mp3\">http:\/\/luizmendes.org\/hinarios\/rizelda\/1%20meu%20mestre%20a%20vos%20eu%20peco.mp3<\/a><\/audio><\/div><\/div><\/p>\n<p style=\"padding-left: 80px;\">Meu mestre a v\u00f3s eu pe\u00e7o<br \/>Pelo nome de Jesus<br \/>Eu quero seguir com v\u00f3s<br \/>Recebendo a santa luz<\/p>\n<p style=\"padding-left: 80px;\">Aqui nesta verdade<br \/>\u00c9 para todos n\u00f3s seguir<br \/>Com amor no cora\u00e7\u00e3o<br \/>E tratar de reunir<\/p>\n<p style=\"padding-left: 80px;\">Esta verdade \u00e9 divina<br \/>A minha m\u00e3e \u00e9 quem me d\u00e1<br \/>Para mim e os meus irm\u00e3os<br \/>Para todos trabalhar.<\/p>\n<div class=\"track\"><span class=\"songtitle\">Cantar<\/span><span class=\"songwriter\">(Hin\u00e1rio Mad. Rizelda)<\/span><span class=\"audiobutton\"><\/span><div class=\"albumtrack\" style=\"visibility:hidden;\"><audio class=\"wp-audio-shortcode\" id=\"audio-2150-2\" preload=\"metadata\" style=\"width: 100%;\" controls=\"controls\"><source type=\"audio\/mpeg\" src=\"http:\/\/luizmendes.org\/hinarios\/rizelda\/2%20cantar.mp3?_=2\" \/><a href=\"http:\/\/luizmendes.org\/hinarios\/rizelda\/2%20cantar.mp3\">http:\/\/luizmendes.org\/hinarios\/rizelda\/2%20cantar.mp3<\/a><\/audio><\/div><\/div>\n<p style=\"padding-left: 80px;\">Cantar vamos cantar<br \/>Cantar vamos cantar<\/p>\n<p style=\"padding-left: 80px;\">Eu pedi a meu mestre<br \/>Do meu mestre sempre a esperar<\/p>\n<p style=\"padding-left: 80px;\">Eu sigo a meu mestre<br \/>Com meu mestre hei de vencer<\/p>\n<p style=\"padding-left: 80px;\">Que ele \u00e9 supremo<br \/>E \u00e9 quem tem poder<\/p>\n<p style=\"padding-left: 80px;\">Eu pedi a meu mestre<br \/>Me deu com muita aten\u00e7\u00e3o<\/p>\n<p style=\"padding-left: 80px;\">Eu estou agradecida<br \/>Cheia de satisfa\u00e7\u00e3o.<\/p>\n<div class=\"track\"><span class=\"songtitle\">Esta casa est\u00e1 eleita<\/span><span class=\"songwriter\">(Hin\u00e1rio Mad. Rizelda)<\/span><span class=\"audiobutton\"><\/span><div class=\"albumtrack\" style=\"visibility:hidden;\"><audio class=\"wp-audio-shortcode\" id=\"audio-2150-3\" preload=\"metadata\" style=\"width: 100%;\" controls=\"controls\"><source type=\"audio\/mpeg\" src=\"http:\/\/luizmendes.org\/hinarios\/rizelda\/3%20esta%20casa%20esta%20eleita.mp3?_=3\" \/><a href=\"http:\/\/luizmendes.org\/hinarios\/rizelda\/3%20esta%20casa%20esta%20eleita.mp3\">http:\/\/luizmendes.org\/hinarios\/rizelda\/3%20esta%20casa%20esta%20eleita.mp3<\/a><\/audio><\/div><\/div>\n<p style=\"padding-left: 80px;\">Esta casa est\u00e1 eleita<br \/>Aqui dentro do meu poder<\/p>\n<p style=\"padding-left: 80px;\">Pe\u00e7o que v\u00f3s nos ajude<br \/>N\u00e3o nos deixe esmorecer<\/p>\n<p style=\"padding-left: 80px;\">Eu estou pedindo<br \/>Pe\u00e7o de cora\u00e7\u00e3o<\/p>\n<p style=\"padding-left: 80px;\">Eu aqui estou pedindo<br \/>Est\u00e1 tudo em vossas m\u00e3os<\/p>\n<p style=\"padding-left: 80px;\">Eu estou pedindo<br \/>Paz e harmonia<\/p>\n<p style=\"padding-left: 80px;\">Pe\u00e7o que vos nos segure<br \/>Toda hora e todo dia.<\/p>\n\n\n<p><\/p>\n","protected":false},"excerpt":{"rendered":"<p>(hin\u00e1rio aberto) Meu mestre a v\u00f3s eu pe\u00e7oPelo nome de JesusEu quero seguir com v\u00f3sRecebendo a santa luz Aqui nesta verdade\u00c9 para todos n\u00f3s seguirCom amor no cora\u00e7\u00e3oE tratar de reunir Esta verdade \u00e9 divinaA minha m\u00e3e \u00e9 quem me d\u00e1Para mim e os meus irm\u00e3osPara todos trabalhar. Cantar vamos cantarCantar vamos cantar Eu pedi <a href=\"https:\/\/www.luizmendes.org\/wordpress\/hinarios\/hinario-da-mad-rizelda\/\" rel=\"nofollow\"><span class=\"sr-only\">Read more about Hin\u00e1rio Mad. Rizelda<\/span>[&hellip;]<\/a><\/p>\n","protected":false},"author":14,"featured_media":0,"parent":1213,"menu_order":0,"comment_status":"closed","ping_status":"closed","template":"","meta":{"footnotes":"","_links_to":"","_links_to_target":""},"class_list":["post-2150","page","type-page","status-publish","hentry"],"_links":{"self":[{"href":"https:\/\/www.luizmendes.org\/wordpress\/wp-json\/wp\/v2\/pages\/2150"}],"collection":[{"href":"https:\/\/www.luizmendes.org\/wordpress\/wp-json\/wp\/v2\/pages"}],"about":[{"href":"https:\/\/www.luizmendes.org\/wordpress\/wp-json\/wp\/v2\/types\/page"}],"author":[{"embeddable":true,"href":"https:\/\/www.luizmendes.org\/wordpress\/wp-json\/wp\/v2\/users\/14"}],"replies":[{"embeddable":true,"href":"https:\/\/www.luizmendes.org\/wordpress\/wp-json\/wp\/v2\/comments?post=2150"}],"version-history":[{"count":46,"href":"https:\/\/www.luizmendes.org\/wordpress\/wp-json\/wp\/v2\/pages\/2150\/revisions"}],"predecessor-version":[{"id":3390,"href":"https:\/\/www.luizmendes.org\/wordpress\/wp-json\/wp\/v2\/pages\/2150\/revisions\/3390"}],"up":[{"embeddable":true,"href":"https:\/\/www.luizmendes.org\/wordpress\/wp-json\/wp\/v2\/pages\/1213"}],"wp:attachment":[{"href":"https:\/\/www.luizmendes.org\/wordpress\/wp-json\/wp\/v2\/media?parent=2150"}],"curies":[{"name":"wp","href":"https:\/\/api.w.org\/{rel}","templated":true}]}}