{"id":2156,"date":"2017-04-23T21:17:27","date_gmt":"2017-04-24T00:17:27","guid":{"rendered":"http:\/\/www.luizmendes.org\/wordpress\/?page_id=2156"},"modified":"2017-04-23T21:22:04","modified_gmt":"2017-04-24T00:22:04","slug":"hinos-novos","status":"publish","type":"page","link":"https:\/\/www.luizmendes.org\/wordpress\/hinarios\/hinos-novos\/","title":{"rendered":"Hinos Novos"},"content":{"rendered":"<div class=\"pt-cv-wrapper\"><div class=\"pt-cv-view pt-cv-grid pt-cv-colsys\" id=\"pt-cv-view-55a9fdbwzq\"><div data-id=\"pt-cv-page-1\" class=\"pt-cv-page\" data-cvc=\"4\"><div class=\"col-md-3 col-sm-6 col-xs-12 pt-cv-content-item pt-cv-1-col\" ><div class='pt-cv-ifield'><a href=\"https:\/\/www.luizmendes.org\/wordpress\/pequenininho-70\/\" class=\"_self pt-cv-href-thumbnail pt-cv-thumb-default\" target=\"_self\" ><img loading=\"lazy\" decoding=\"async\" width=\"300\" height=\"300\" src=\"https:\/\/www.luizmendes.org\/wordpress\/wp-content\/uploads\/2017\/04\/Saturnino-300x300.jpg\" class=\"pt-cv-thumbnail\" alt=\"\" srcset=\"https:\/\/www.luizmendes.org\/wordpress\/wp-content\/uploads\/2017\/04\/Saturnino-300x300.jpg 300w, https:\/\/www.luizmendes.org\/wordpress\/wp-content\/uploads\/2017\/04\/Saturnino-150x150.jpg 150w, https:\/\/www.luizmendes.org\/wordpress\/wp-content\/uploads\/2017\/04\/Saturnino-768x768.jpg 768w, https:\/\/www.luizmendes.org\/wordpress\/wp-content\/uploads\/2017\/04\/Saturnino-1024x1024.jpg 1024w, https:\/\/www.luizmendes.org\/wordpress\/wp-content\/uploads\/2017\/04\/Saturnino-250x250.jpg 250w, https:\/\/www.luizmendes.org\/wordpress\/wp-content\/uploads\/2017\/04\/Saturnino-174x174.jpg 174w, https:\/\/www.luizmendes.org\/wordpress\/wp-content\/uploads\/2017\/04\/Saturnino.jpg 2048w\" sizes=\"(max-width: 300px) 100vw, 300px\" \/><\/a>\n<h4 class=\"pt-cv-title\"><a href=\"https:\/\/www.luizmendes.org\/wordpress\/pequenininho-70\/\" class=\"_self\" target=\"_self\" >Pequenininho: 70. Pal\u00e1cio de Cristal<\/a><\/h4>\n<div class=\"pt-cv-content\">Olhei para o firmamento Quando brilhou l\u00e1 no astral O nosso Mestre Conselheiro Em seu pal\u00e1cio de cristal Eu me ...<br \/><div class=\"pt-cv-rmwrap\"><a href=\"https:\/\/www.luizmendes.org\/wordpress\/pequenininho-70\/\" class=\"_self pt-cv-readmore btn btn-success\" target=\"_self\">Escute aqui<\/a><\/div><\/div><\/div><\/div>\n<div class=\"col-md-3 col-sm-6 col-xs-12 pt-cv-content-item pt-cv-1-col\" ><div class='pt-cv-ifield'><a href=\"https:\/\/www.luizmendes.org\/wordpress\/pequenininho-69-nas-asas-do-condor\/\" class=\"_self pt-cv-href-thumbnail pt-cv-thumb-default\" target=\"_self\" ><img loading=\"lazy\" decoding=\"async\" width=\"300\" height=\"300\" src=\"https:\/\/www.luizmendes.org\/wordpress\/wp-content\/uploads\/2017\/04\/Saturnino-300x300.jpg\" class=\"pt-cv-thumbnail\" alt=\"\" srcset=\"https:\/\/www.luizmendes.org\/wordpress\/wp-content\/uploads\/2017\/04\/Saturnino-300x300.jpg 300w, https:\/\/www.luizmendes.org\/wordpress\/wp-content\/uploads\/2017\/04\/Saturnino-150x150.jpg 150w, https:\/\/www.luizmendes.org\/wordpress\/wp-content\/uploads\/2017\/04\/Saturnino-768x768.jpg 768w, https:\/\/www.luizmendes.org\/wordpress\/wp-content\/uploads\/2017\/04\/Saturnino-1024x1024.jpg 1024w, https:\/\/www.luizmendes.org\/wordpress\/wp-content\/uploads\/2017\/04\/Saturnino-250x250.jpg 250w, https:\/\/www.luizmendes.org\/wordpress\/wp-content\/uploads\/2017\/04\/Saturnino-174x174.jpg 174w, https:\/\/www.luizmendes.org\/wordpress\/wp-content\/uploads\/2017\/04\/Saturnino.jpg 2048w\" sizes=\"(max-width: 300px) 100vw, 300px\" \/><\/a>\n<h4 class=\"pt-cv-title\"><a href=\"https:\/\/www.luizmendes.org\/wordpress\/pequenininho-69-nas-asas-do-condor\/\" class=\"_self\" target=\"_self\" >Pequenininho: 69. Nas asas do Condor<\/a><\/h4>\n<div class=\"pt-cv-content\">Viajando nessa estrada Avistei uma imensid\u00e3o Suspendi meu pensamento Entrei na bela mira\u00e7\u00e3o Heia, heia, heia, heia, arr\u00f4 Heia, heia ...<br \/><div class=\"pt-cv-rmwrap\"><a href=\"https:\/\/www.luizmendes.org\/wordpress\/pequenininho-69-nas-asas-do-condor\/\" class=\"_self pt-cv-readmore btn btn-success\" target=\"_self\">Escute aqui<\/a><\/div><\/div><\/div><\/div>\n<div class=\"col-md-3 col-sm-6 col-xs-12 pt-cv-content-item pt-cv-1-col\" ><div class='pt-cv-ifield'><a href=\"https:\/\/www.luizmendes.org\/wordpress\/novo-horizonte-49-curara\/\" class=\"_self pt-cv-href-thumbnail pt-cv-thumb-default\" target=\"_self\" ><img loading=\"lazy\" decoding=\"async\" width=\"227\" height=\"300\" src=\"https:\/\/www.luizmendes.org\/wordpress\/wp-content\/uploads\/2009\/07\/17388862_10203034247732868_3779704943393154262_o-227x300.jpg\" class=\"pt-cv-thumbnail\" alt=\"\" srcset=\"https:\/\/www.luizmendes.org\/wordpress\/wp-content\/uploads\/2009\/07\/17388862_10203034247732868_3779704943393154262_o-227x300.jpg 227w, https:\/\/www.luizmendes.org\/wordpress\/wp-content\/uploads\/2009\/07\/17388862_10203034247732868_3779704943393154262_o-768x1016.jpg 768w, https:\/\/www.luizmendes.org\/wordpress\/wp-content\/uploads\/2009\/07\/17388862_10203034247732868_3779704943393154262_o-774x1024.jpg 774w, https:\/\/www.luizmendes.org\/wordpress\/wp-content\/uploads\/2009\/07\/17388862_10203034247732868_3779704943393154262_o.jpg 1548w\" sizes=\"(max-width: 227px) 100vw, 227px\" \/><\/a>\n<h4 class=\"pt-cv-title\"><a href=\"https:\/\/www.luizmendes.org\/wordpress\/novo-horizonte-49-curara\/\" class=\"_self\" target=\"_self\" >Novo Horizonte: 49. Curar\u00e1<\/a><\/h4>\n<div class=\"pt-cv-content\">Bem na for\u00e7a do rel\u00e2mpago Eu ouvi bem trovejar Veio trazendo a minha cura Cura, cura, curar\u00e1 No desabrochar da ...<br \/><div class=\"pt-cv-rmwrap\"><a href=\"https:\/\/www.luizmendes.org\/wordpress\/novo-horizonte-49-curara\/\" class=\"_self pt-cv-readmore btn btn-success\" target=\"_self\">Escute aqui<\/a><\/div><\/div><\/div><\/div>\n<div class=\"col-md-3 col-sm-6 col-xs-12 pt-cv-content-item pt-cv-1-col\" ><div class='pt-cv-ifield'><a href=\"https:\/\/www.luizmendes.org\/wordpress\/pequenininho-68-magia-da-fe\/\" class=\"_self pt-cv-href-thumbnail pt-cv-thumb-default\" target=\"_self\" ><img loading=\"lazy\" decoding=\"async\" width=\"300\" height=\"300\" src=\"https:\/\/www.luizmendes.org\/wordpress\/wp-content\/uploads\/2017\/04\/Saturnino-300x300.jpg\" class=\"pt-cv-thumbnail\" alt=\"\" srcset=\"https:\/\/www.luizmendes.org\/wordpress\/wp-content\/uploads\/2017\/04\/Saturnino-300x300.jpg 300w, https:\/\/www.luizmendes.org\/wordpress\/wp-content\/uploads\/2017\/04\/Saturnino-150x150.jpg 150w, https:\/\/www.luizmendes.org\/wordpress\/wp-content\/uploads\/2017\/04\/Saturnino-768x768.jpg 768w, https:\/\/www.luizmendes.org\/wordpress\/wp-content\/uploads\/2017\/04\/Saturnino-1024x1024.jpg 1024w, https:\/\/www.luizmendes.org\/wordpress\/wp-content\/uploads\/2017\/04\/Saturnino-250x250.jpg 250w, https:\/\/www.luizmendes.org\/wordpress\/wp-content\/uploads\/2017\/04\/Saturnino-174x174.jpg 174w, https:\/\/www.luizmendes.org\/wordpress\/wp-content\/uploads\/2017\/04\/Saturnino.jpg 2048w\" sizes=\"(max-width: 300px) 100vw, 300px\" \/><\/a>\n<h4 class=\"pt-cv-title\"><a href=\"https:\/\/www.luizmendes.org\/wordpress\/pequenininho-68-magia-da-fe\/\" class=\"_self\" target=\"_self\" >Pequenininho: 68. Magia da F\u00e9<\/a><\/h4>\n<div class=\"pt-cv-content\">Meu Santo irm\u00e3o Francisco das Chagas Do mestre Jesus de Nazar\u00e9 Com a vossa for\u00e7a na mente Afirmo a magia ...<br \/><div class=\"pt-cv-rmwrap\"><a href=\"https:\/\/www.luizmendes.org\/wordpress\/pequenininho-68-magia-da-fe\/\" class=\"_self pt-cv-readmore btn btn-success\" target=\"_self\">Escute aqui<\/a><\/div><\/div><\/div><\/div>\n<div class=\"col-md-3 col-sm-6 col-xs-12 pt-cv-content-item pt-cv-1-col\" ><div class='pt-cv-ifield'><a href=\"https:\/\/www.luizmendes.org\/wordpress\/novo-plano-10-ancestralidade\/\" class=\"_self pt-cv-href-thumbnail pt-cv-thumb-default\" target=\"_self\" ><img loading=\"lazy\" decoding=\"async\" width=\"300\" height=\"225\" src=\"https:\/\/www.luizmendes.org\/wordpress\/wp-content\/uploads\/2017\/04\/foto-Solon-Brito-300x225.jpg\" class=\"pt-cv-thumbnail\" alt=\"\" srcset=\"https:\/\/www.luizmendes.org\/wordpress\/wp-content\/uploads\/2017\/04\/foto-Solon-Brito-300x225.jpg 300w, https:\/\/www.luizmendes.org\/wordpress\/wp-content\/uploads\/2017\/04\/foto-Solon-Brito-768x576.jpg 768w, https:\/\/www.luizmendes.org\/wordpress\/wp-content\/uploads\/2017\/04\/foto-Solon-Brito-285x214.jpg 285w, https:\/\/www.luizmendes.org\/wordpress\/wp-content\/uploads\/2017\/04\/foto-Solon-Brito.jpg 960w\" sizes=\"(max-width: 300px) 100vw, 300px\" \/><\/a>\n<h4 class=\"pt-cv-title\"><a href=\"https:\/\/www.luizmendes.org\/wordpress\/novo-plano-10-ancestralidade\/\" class=\"_self\" target=\"_self\" >Novo Plano: 10. Ancestralidade<\/a><\/h4>\n<div class=\"pt-cv-content\">Meu pensamento se eleva E me leva a ancestralidade Do meu esp\u00edrito Tudo se torna verdade Estou aqui minha divina ...<br \/><div class=\"pt-cv-rmwrap\"><a href=\"https:\/\/www.luizmendes.org\/wordpress\/novo-plano-10-ancestralidade\/\" class=\"_self pt-cv-readmore btn btn-success\" target=\"_self\">Escute aqui<\/a><\/div><\/div><\/div><\/div>\n<div class=\"col-md-3 col-sm-6 col-xs-12 pt-cv-content-item pt-cv-1-col\" ><div class='pt-cv-ifield'><a href=\"https:\/\/www.luizmendes.org\/wordpress\/pequenininho-67-bandeira-branca\/\" class=\"_self pt-cv-href-thumbnail pt-cv-thumb-default\" target=\"_self\" ><img loading=\"lazy\" decoding=\"async\" width=\"300\" height=\"300\" src=\"https:\/\/www.luizmendes.org\/wordpress\/wp-content\/uploads\/2017\/04\/Saturnino-300x300.jpg\" class=\"pt-cv-thumbnail\" alt=\"\" srcset=\"https:\/\/www.luizmendes.org\/wordpress\/wp-content\/uploads\/2017\/04\/Saturnino-300x300.jpg 300w, https:\/\/www.luizmendes.org\/wordpress\/wp-content\/uploads\/2017\/04\/Saturnino-150x150.jpg 150w, https:\/\/www.luizmendes.org\/wordpress\/wp-content\/uploads\/2017\/04\/Saturnino-768x768.jpg 768w, https:\/\/www.luizmendes.org\/wordpress\/wp-content\/uploads\/2017\/04\/Saturnino-1024x1024.jpg 1024w, https:\/\/www.luizmendes.org\/wordpress\/wp-content\/uploads\/2017\/04\/Saturnino-250x250.jpg 250w, https:\/\/www.luizmendes.org\/wordpress\/wp-content\/uploads\/2017\/04\/Saturnino-174x174.jpg 174w, https:\/\/www.luizmendes.org\/wordpress\/wp-content\/uploads\/2017\/04\/Saturnino.jpg 2048w\" sizes=\"(max-width: 300px) 100vw, 300px\" \/><\/a>\n<h4 class=\"pt-cv-title\"><a href=\"https:\/\/www.luizmendes.org\/wordpress\/pequenininho-67-bandeira-branca\/\" class=\"_self\" target=\"_self\" >Pequenininho: 67. Bandeira Branca<\/a><\/h4>\n<div class=\"pt-cv-content\">O meu Mestre \u00e9 quem me leva O meu Mestre \u00e9 quem me traz Com a minha Bandeira Branca De ...<br \/><div class=\"pt-cv-rmwrap\"><a href=\"https:\/\/www.luizmendes.org\/wordpress\/pequenininho-67-bandeira-branca\/\" class=\"_self pt-cv-readmore btn btn-success\" target=\"_self\">Escute aqui<\/a><\/div><\/div><\/div><\/div>\n<div class=\"col-md-3 col-sm-6 col-xs-12 pt-cv-content-item pt-cv-1-col\" ><div class='pt-cv-ifield'><a href=\"https:\/\/www.luizmendes.org\/wordpress\/novo-horizonte-48\/\" class=\"_self pt-cv-href-thumbnail pt-cv-thumb-default\" target=\"_self\" ><img loading=\"lazy\" decoding=\"async\" width=\"227\" height=\"300\" src=\"https:\/\/www.luizmendes.org\/wordpress\/wp-content\/uploads\/2009\/07\/17388862_10203034247732868_3779704943393154262_o-227x300.jpg\" class=\"pt-cv-thumbnail\" alt=\"\" srcset=\"https:\/\/www.luizmendes.org\/wordpress\/wp-content\/uploads\/2009\/07\/17388862_10203034247732868_3779704943393154262_o-227x300.jpg 227w, https:\/\/www.luizmendes.org\/wordpress\/wp-content\/uploads\/2009\/07\/17388862_10203034247732868_3779704943393154262_o-768x1016.jpg 768w, https:\/\/www.luizmendes.org\/wordpress\/wp-content\/uploads\/2009\/07\/17388862_10203034247732868_3779704943393154262_o-774x1024.jpg 774w, https:\/\/www.luizmendes.org\/wordpress\/wp-content\/uploads\/2009\/07\/17388862_10203034247732868_3779704943393154262_o.jpg 1548w\" sizes=\"(max-width: 227px) 100vw, 227px\" \/><\/a>\n<h4 class=\"pt-cv-title\"><a href=\"https:\/\/www.luizmendes.org\/wordpress\/novo-horizonte-48\/\" class=\"_self\" target=\"_self\" >Novo Horizonte: 48. \u00c9 bel\u00edssima a santidade<\/a><\/h4>\n<div class=\"pt-cv-content\">\u00c9 bel\u00edssima a santidade Vale apena apreciar Dentro da purifica\u00e7\u00e3o Ouvi o Mestre falar Ouvi com muita aten\u00e7\u00e3o No cora\u00e7\u00e3o ...<br \/><div class=\"pt-cv-rmwrap\"><a href=\"https:\/\/www.luizmendes.org\/wordpress\/novo-horizonte-48\/\" class=\"_self pt-cv-readmore btn btn-success\" target=\"_self\">Escute aqui<\/a><\/div><\/div><\/div><\/div><\/div><\/div><\/div>\n","protected":false},"excerpt":{"rendered":"","protected":false},"author":14,"featured_media":0,"parent":1213,"menu_order":0,"comment_status":"closed","ping_status":"closed","template":"","meta":{"footnotes":"","_links_to":"","_links_to_target":""},"class_list":["post-2156","page","type-page","status-publish","hentry"],"_links":{"self":[{"href":"https:\/\/www.luizmendes.org\/wordpress\/wp-json\/wp\/v2\/pages\/2156"}],"collection":[{"href":"https:\/\/www.luizmendes.org\/wordpress\/wp-json\/wp\/v2\/pages"}],"about":[{"href":"https:\/\/www.luizmendes.org\/wordpress\/wp-json\/wp\/v2\/types\/page"}],"author":[{"embeddable":true,"href":"https:\/\/www.luizmendes.org\/wordpress\/wp-json\/wp\/v2\/users\/14"}],"replies":[{"embeddable":true,"href":"https:\/\/www.luizmendes.org\/wordpress\/wp-json\/wp\/v2\/comments?post=2156"}],"version-history":[{"count":2,"href":"https:\/\/www.luizmendes.org\/wordpress\/wp-json\/wp\/v2\/pages\/2156\/revisions"}],"predecessor-version":[{"id":2161,"href":"https:\/\/www.luizmendes.org\/wordpress\/wp-json\/wp\/v2\/pages\/2156\/revisions\/2161"}],"up":[{"embeddable":true,"href":"https:\/\/www.luizmendes.org\/wordpress\/wp-json\/wp\/v2\/pages\/1213"}],"wp:attachment":[{"href":"https:\/\/www.luizmendes.org\/wordpress\/wp-json\/wp\/v2\/media?parent=2156"}],"curies":[{"name":"wp","href":"https:\/\/api.w.org\/{rel}","templated":true}]}}