{"id":2719,"date":"2017-05-11T13:46:56","date_gmt":"2017-05-11T18:46:56","guid":{"rendered":"http:\/\/www.luizmendes.org\/wordpress\/?page_id=2719"},"modified":"2017-05-11T13:46:56","modified_gmt":"2017-05-11T18:46:56","slug":"historico","status":"publish","type":"page","link":"https:\/\/www.luizmendes.org\/wordpress\/fortaleza-sp\/historico\/","title":{"rendered":"Hist\u00f3rico"},"content":{"rendered":"<h4><img loading=\"lazy\" decoding=\"async\" class=\"alignnone wp-image-1685 size-full\" src=\"https:\/\/www.luizmendes.org\/wordpress\/wp-content\/uploads\/2011\/07\/anigif2.gif\" alt=\"\" width=\"2000\" height=\"667\" \/><\/h4>\n<h4>BREVE HISTORIA<\/h4>\n<p>La historia de la Comunidad Fortaleza comenz\u00f3 en 1993, cuando el Sr. Luiz Mendes, junto a un grupo de amigos y familiares, decidieron renunciar a la vida en la ciudad y fijar su residencia en los encantos de la gran selva Amaz\u00f3nica para dedicarse a la agricultura y a los rituales religiosos del Santo Daime. Escogi\u00f3 un lugar de la antigua plantaci\u00f3n de caucho San Gabriel, con el nombre de Fortaleza, y en el cual se encuadraba bien con la naturaleza del lugar, y paso a organizar pacientemente su nueva casa.<\/p>\n<p>Todav\u00eda en el mismo a\u00f1o, un peque\u00f1o grupo de voluntarios lo acompa\u00f1o con el objetivo de desmatar y al mismo tiempo crear una estructura en el lugar para una futura estad\u00eda definitiva. Con mucho sacrificio fue construida una peque\u00f1a casa, hecho un peque\u00f1o campo y mejorado el acceso. Solamente en 1996 fue inaugurada la primera sede para los trabajos espirituales del Santo Daime. Vale resaltar que estos mismos trabajos eran realizados en un lugar improvisado.<\/p>\n<p>En 1996, el Instituto Nacional de Reforma Agraria- INCRA regularizo la toma de la tierra para los antiguos habitantes de la ex plantaci\u00f3n de caucho, dando el origen al Proyecto de Asentamiento San Gabriel. En esta \u00e9poca, la Colonia Fortaleza recibi\u00f3 su primer documento de posesi\u00f3n, adem\u00e1s de ganar nuevas \u00e1reas de tierra para los agregados de la entonces peque\u00f1a comunidad. Tiempo despu\u00e9s, el asentamiento cedi\u00f3 el lugar para peque\u00f1as y medianas haciendas de crianza de ganado, sobrando apenas una peque\u00f1a \u00e1rea preservada de la selva donde se une a Fortaleza.<\/p>\n<p>Con el desenvolvimiento de la regi\u00f3n, la Comunidad gano servicios b\u00e1sicos como la escuela para los ni\u00f1os, acceso a la carretera para las ciudades m\u00e1s pr\u00f3ximas y luz el\u00e9ctrica.\u00a0 En la actualidad, la Fortaleza recibe visitantes de varias partes del Brasil y del mundo y representa un lugar de referencia para muchos seguidores de la Doctrina del Santo Daime.<\/p>\n\n            <!-- Blueimp gallery -->\n            <div id=\"blueimp-gallery-2269\" class=\"blueimp-gallery blueimp-gallery-controls\">\n                <div class=\"slides\"><\/div>\n                <h3 class=\"title\"><\/h3>\n                <a class=\"prev\">\u2039<\/a>\n                <a class=\"next\">\u203a<\/a>\n                <a class=\"close\">\u00d7<\/a>\n                <a class=\"play-pause\"><\/a>\n                <ol class=\"indicator\"><\/ol>\n                <div class=\"modal fade\">\n                    <div class=\"modal-dialog\">\n                        <div class=\"modal-content\">\n                            <div class=\"modal-header\">\n                                <button type=\"button\" class=\"close\" aria-hidden=\"true\">\u00d7<\/button>\n                                <h4 class=\"modal-title\"><\/h4>\n                            <\/div>\n                            <div class=\"modal-body next\"><\/div>\n                            <div class=\"modal-footer\">\n                                <button type=\"button\" class=\"btn btn-default pull-left prev\">\n                                    <i class=\"glyphicon glyphicon-chevron-left\"><\/i>\n                                    Previous                                <\/button>\n                                <button type=\"button\" class=\"btn btn-primary next\">\n                                    Next                                    <i class=\"glyphicon glyphicon-chevron-right\"><\/i>\n                                <\/button>\n                            <\/div>\n                        <\/div>\n                    <\/div>\n                <\/div>\n            <\/div>\n\n            <script type=\"text\/javascript\">\n            jQuery(function() {\n                jQuery.extend(blueimp.Gallery.prototype.options, {\n                    useBootstrapModal: false,\n                    hidePageScrollbars: false,\n                    container: \"#blueimp-gallery-2269\",\n                });\n            });\n            <\/script>\n\n            \n","protected":false},"excerpt":{"rendered":"<p>BREVE HISTORIA La historia de la Comunidad Fortaleza comenz\u00f3 en 1993, cuando el Sr. Luiz Mendes, junto a un grupo de amigos y familiares, decidieron renunciar a la vida en la ciudad y fijar su residencia en los encantos de la gran selva Amaz\u00f3nica para dedicarse a la agricultura y a los rituales religiosos del <a href=\"https:\/\/www.luizmendes.org\/wordpress\/?p=2269\" rel=\"nofollow\"><span class=\"sr-only\">Read more about Fortaleza- Hist\u00f3rico<\/span>[&hellip;]<\/a><\/p>\n","protected":false},"author":14,"featured_media":0,"parent":2717,"menu_order":1,"comment_status":"closed","ping_status":"closed","template":"","meta":{"footnotes":"","_links_to":"","_links_to_target":""},"class_list":["post-2719","page","type-page","status-publish","hentry"],"_links":{"self":[{"href":"https:\/\/www.luizmendes.org\/wordpress\/wp-json\/wp\/v2\/pages\/2719"}],"collection":[{"href":"https:\/\/www.luizmendes.org\/wordpress\/wp-json\/wp\/v2\/pages"}],"about":[{"href":"https:\/\/www.luizmendes.org\/wordpress\/wp-json\/wp\/v2\/types\/page"}],"author":[{"embeddable":true,"href":"https:\/\/www.luizmendes.org\/wordpress\/wp-json\/wp\/v2\/users\/14"}],"replies":[{"embeddable":true,"href":"https:\/\/www.luizmendes.org\/wordpress\/wp-json\/wp\/v2\/comments?post=2719"}],"version-history":[{"count":1,"href":"https:\/\/www.luizmendes.org\/wordpress\/wp-json\/wp\/v2\/pages\/2719\/revisions"}],"predecessor-version":[{"id":2720,"href":"https:\/\/www.luizmendes.org\/wordpress\/wp-json\/wp\/v2\/pages\/2719\/revisions\/2720"}],"up":[{"embeddable":true,"href":"https:\/\/www.luizmendes.org\/wordpress\/wp-json\/wp\/v2\/pages\/2717"}],"wp:attachment":[{"href":"https:\/\/www.luizmendes.org\/wordpress\/wp-json\/wp\/v2\/media?parent=2719"}],"curies":[{"name":"wp","href":"https:\/\/api.w.org\/{rel}","templated":true}]}}