{"id":2734,"date":"2017-05-11T13:54:38","date_gmt":"2017-05-11T18:54:38","guid":{"rendered":"http:\/\/www.luizmendes.org\/wordpress\/?page_id=2734"},"modified":"2017-11-15T18:11:43","modified_gmt":"2017-11-15T23:11:43","slug":"encuentro-para-el-nuevo-horizonte","status":"publish","type":"page","link":"https:\/\/www.luizmendes.org\/wordpress\/encuentro-para-el-nuevo-horizonte\/","title":{"rendered":"Encuentro Para el Nuevo Horizonte"},"content":{"rendered":"<h4>ASPECTOS GENERALES<\/h4>\n<p>Consecutivamente, desde el inicio de los a\u00f1os 2000, la Comunidad Fortaleza ha organizado un festival ecum\u00e9nico del Santo Daime denominado <em>Encuentro Para el Nuevo Horizonte<\/em>. Tal evento, ha reunido personas de diversos lugares del mundo: Estados Unidos, Canad\u00e1, pa\u00edses de Europa y \u00c1frica. Tambi\u00e9n ha reunido personas de varias regiones de Brasil: S\u00e3o Paulo, Minas Gerais, Esp\u00edrito Santo, Rio de Janeiro y muchos otros estados brasileros de la regi\u00f3n Noroeste, Sur y Centro Oeste.<\/p>\n<p>Se trata de un encuentro de 10 d\u00edas de duraci\u00f3n, en los cuales son realizados rituales sagrados de la Doctrina del Santo Daime, conforme el legado del Maestro Fundador Raimundo Irineu Serra. La programaci\u00f3n de este evento incluye sesiones de concentraci\u00f3n, festejos oficiales, trabajos en la floresta, trabajos de cura, esparcimiento, cultura y entretenimiento. Es con gran satisfacci\u00f3n y alegr\u00eda que el Maestro-Consejero Luiz Mendes y toda la familia y hermandad reciben a sus amigos, hermanos y simpatizantes en la Comunidad Fortaleza.<\/p>\n<p>&nbsp;<\/p>\n<p><img loading=\"lazy\" decoding=\"async\" class=\"aligncenter\" src=\"http:\/\/luizmendes.org\/biblioteca\/programa%C3%A7%C3%A3o-oficial2017.jpg\" width=\"700\" height=\"2091\" \/><\/p>\n<p>&nbsp;<\/p>\n\n            <!-- Blueimp gallery -->\n            <div id=\"blueimp-gallery-2276\" class=\"blueimp-gallery blueimp-gallery-controls\">\n                <div class=\"slides\"><\/div>\n                <h3 class=\"title\"><\/h3>\n                <a class=\"prev\">\u2039<\/a>\n                <a class=\"next\">\u203a<\/a>\n                <a class=\"close\">\u00d7<\/a>\n                <a class=\"play-pause\"><\/a>\n                <ol class=\"indicator\"><\/ol>\n                <div class=\"modal fade\">\n                    <div class=\"modal-dialog\">\n                        <div class=\"modal-content\">\n                            <div class=\"modal-header\">\n                                <button type=\"button\" class=\"close\" aria-hidden=\"true\">\u00d7<\/button>\n                                <h4 class=\"modal-title\"><\/h4>\n                            <\/div>\n                            <div class=\"modal-body next\"><\/div>\n                            <div class=\"modal-footer\">\n                                <button type=\"button\" class=\"btn btn-default pull-left prev\">\n                                    <i class=\"glyphicon glyphicon-chevron-left\"><\/i>\n                                    Previous                                <\/button>\n                                <button type=\"button\" class=\"btn btn-primary next\">\n                                    Next                                    <i class=\"glyphicon glyphicon-chevron-right\"><\/i>\n                                <\/button>\n                            <\/div>\n                        <\/div>\n                    <\/div>\n                <\/div>\n            <\/div>\n\n            <script type=\"text\/javascript\">\n            jQuery(function() {\n                jQuery.extend(blueimp.Gallery.prototype.options, {\n                    useBootstrapModal: false,\n                    hidePageScrollbars: false,\n                    container: \"#blueimp-gallery-2276\",\n                });\n            });\n            <\/script>\n\n            \n","protected":false},"excerpt":{"rendered":"<p>ASPECTOS GENERALES Consecutivamente, desde el inicio de los a\u00f1os 2000, la Comunidad Fortaleza ha organizado un festival ecum\u00e9nico del Santo Daime denominado Encuentro Para el Nuevo Horizonte. Tal evento, ha reunido personas de diversos lugares del mundo: Estados Unidos, Canad\u00e1, pa\u00edses de Europa y \u00c1frica. Tambi\u00e9n ha reunido personas de varias regiones de Brasil: S\u00e3o <a href=\"https:\/\/www.luizmendes.org\/wordpress\/?p=2276\" rel=\"nofollow\"><span class=\"sr-only\">Read more about Encontro<\/span>[&hellip;]<\/a><\/p>\n","protected":false},"author":14,"featured_media":0,"parent":0,"menu_order":4,"comment_status":"closed","ping_status":"closed","template":"","meta":{"footnotes":"","_links_to":"","_links_to_target":""},"class_list":["post-2734","page","type-page","status-publish","hentry"],"_links":{"self":[{"href":"https:\/\/www.luizmendes.org\/wordpress\/wp-json\/wp\/v2\/pages\/2734"}],"collection":[{"href":"https:\/\/www.luizmendes.org\/wordpress\/wp-json\/wp\/v2\/pages"}],"about":[{"href":"https:\/\/www.luizmendes.org\/wordpress\/wp-json\/wp\/v2\/types\/page"}],"author":[{"embeddable":true,"href":"https:\/\/www.luizmendes.org\/wordpress\/wp-json\/wp\/v2\/users\/14"}],"replies":[{"embeddable":true,"href":"https:\/\/www.luizmendes.org\/wordpress\/wp-json\/wp\/v2\/comments?post=2734"}],"version-history":[{"count":8,"href":"https:\/\/www.luizmendes.org\/wordpress\/wp-json\/wp\/v2\/pages\/2734\/revisions"}],"predecessor-version":[{"id":3060,"href":"https:\/\/www.luizmendes.org\/wordpress\/wp-json\/wp\/v2\/pages\/2734\/revisions\/3060"}],"wp:attachment":[{"href":"https:\/\/www.luizmendes.org\/wordpress\/wp-json\/wp\/v2\/media?parent=2734"}],"curies":[{"name":"wp","href":"https:\/\/api.w.org\/{rel}","templated":true}]}}