{"id":2737,"date":"2017-05-11T13:56:07","date_gmt":"2017-05-11T18:56:07","guid":{"rendered":"http:\/\/www.luizmendes.org\/wordpress\/?page_id=2737"},"modified":"2017-05-11T13:56:07","modified_gmt":"2017-05-11T18:56:07","slug":"pre-encuentro","status":"publish","type":"page","link":"https:\/\/www.luizmendes.org\/wordpress\/encuentro-para-el-nuevo-horizonte\/pre-encuentro\/","title":{"rendered":"Pre-Encuentro"},"content":{"rendered":"<p>Se llama de Pre-Encuentro las semanas que anteceden al inicio de las festividades del Encuentro Para el Nuevo Horizonte. Es la \u00e9poca en que la Comunidad Fortaleza organiza la infraestructura necesaria para recibir sus visitantes. Entre las varias actividades realizadas en el pre-encuentro se destacan como principales: la construcci\u00f3n, instalaci\u00f3n y manutenci\u00f3n de tiendas de alojamiento. Limpieza y manutenci\u00f3n del Parque Ambiental Encantos de la Floresta, limpieza y mantenimiento de la Sede del CEFLI, construcci\u00f3n y mantenimiento de los ba\u00f1os y toilettes, limpieza del patio, entre varias otras actividades.<\/p>\n<p>Para el desenvolvimiento de estas actividades, la Comunidad ha contado con el voluntariado de sus habitantes, as\u00ed como el voluntariado de los miembros del CEFLI en general, que organizan grandes reuniones de trabajo para realizar tales tareas, La participaci\u00f3n de los amigos de la Fortaleza tambi\u00e9n ha sido fundamental para la organizaci\u00f3n de este evento.<\/p>\n<p>Sepa como contribuir con el pre-encuentro entrando en contacto con nosotros:<\/p>\n<ul>\n<li>Ana Emylli<\/li>\n<\/ul>\n<p>E-mail: <a href=\"mailto:ana.emylli@yahoo.com.br\">ana.emylli@yahoo.com.br<\/a><br \/>\nCelular:\u00a0 (68) 99201-6677<\/p>\n<ul>\n<li>Edson Alexandre<\/li>\n<\/ul>\n<p>Celular: (68) 99984-1432<\/p>\n\n            <!-- Blueimp gallery -->\n            <div id=\"blueimp-gallery-2279\" class=\"blueimp-gallery blueimp-gallery-controls\">\n                <div class=\"slides\"><\/div>\n                <h3 class=\"title\"><\/h3>\n                <a class=\"prev\">\u2039<\/a>\n                <a class=\"next\">\u203a<\/a>\n                <a class=\"close\">\u00d7<\/a>\n                <a class=\"play-pause\"><\/a>\n                <ol class=\"indicator\"><\/ol>\n                <div class=\"modal fade\">\n                    <div class=\"modal-dialog\">\n                        <div class=\"modal-content\">\n                            <div class=\"modal-header\">\n                                <button type=\"button\" class=\"close\" aria-hidden=\"true\">\u00d7<\/button>\n                                <h4 class=\"modal-title\"><\/h4>\n                            <\/div>\n                            <div class=\"modal-body next\"><\/div>\n                            <div class=\"modal-footer\">\n                                <button type=\"button\" class=\"btn btn-default pull-left prev\">\n                                    <i class=\"glyphicon glyphicon-chevron-left\"><\/i>\n                                    Previous                                <\/button>\n                                <button type=\"button\" class=\"btn btn-primary next\">\n                                    Next                                    <i class=\"glyphicon glyphicon-chevron-right\"><\/i>\n                                <\/button>\n                            <\/div>\n                        <\/div>\n                    <\/div>\n                <\/div>\n            <\/div>\n\n            <script type=\"text\/javascript\">\n            jQuery(function() {\n                jQuery.extend(blueimp.Gallery.prototype.options, {\n                    useBootstrapModal: false,\n                    hidePageScrollbars: false,\n                    container: \"#blueimp-gallery-2279\",\n                });\n            });\n            <\/script>\n\n            \n","protected":false},"excerpt":{"rendered":"<p>Se llama de Pre-Encuentro las semanas que anteceden al inicio de las festividades del Encuentro Para el Nuevo Horizonte. Es la \u00e9poca en que la Comunidad Fortaleza organiza la infraestructura necesaria para recibir sus visitantes. Entre las varias actividades realizadas en el pre-encuentro se destacan como principales: la construcci\u00f3n, instalaci\u00f3n y manutenci\u00f3n de tiendas de <a href=\"https:\/\/www.luizmendes.org\/wordpress\/?p=2279\" rel=\"nofollow\"><span class=\"sr-only\">Read more about Encontro- Pr\u00e9-Encontro<\/span>[&hellip;]<\/a><\/p>\n","protected":false},"author":14,"featured_media":0,"parent":2734,"menu_order":1,"comment_status":"closed","ping_status":"closed","template":"","meta":{"footnotes":"","_links_to":"","_links_to_target":""},"class_list":["post-2737","page","type-page","status-publish","hentry"],"_links":{"self":[{"href":"https:\/\/www.luizmendes.org\/wordpress\/wp-json\/wp\/v2\/pages\/2737"}],"collection":[{"href":"https:\/\/www.luizmendes.org\/wordpress\/wp-json\/wp\/v2\/pages"}],"about":[{"href":"https:\/\/www.luizmendes.org\/wordpress\/wp-json\/wp\/v2\/types\/page"}],"author":[{"embeddable":true,"href":"https:\/\/www.luizmendes.org\/wordpress\/wp-json\/wp\/v2\/users\/14"}],"replies":[{"embeddable":true,"href":"https:\/\/www.luizmendes.org\/wordpress\/wp-json\/wp\/v2\/comments?post=2737"}],"version-history":[{"count":1,"href":"https:\/\/www.luizmendes.org\/wordpress\/wp-json\/wp\/v2\/pages\/2737\/revisions"}],"predecessor-version":[{"id":2738,"href":"https:\/\/www.luizmendes.org\/wordpress\/wp-json\/wp\/v2\/pages\/2737\/revisions\/2738"}],"up":[{"embeddable":true,"href":"https:\/\/www.luizmendes.org\/wordpress\/wp-json\/wp\/v2\/pages\/2734"}],"wp:attachment":[{"href":"https:\/\/www.luizmendes.org\/wordpress\/wp-json\/wp\/v2\/media?parent=2737"}],"curies":[{"name":"wp","href":"https:\/\/api.w.org\/{rel}","templated":true}]}}