{"id":2739,"date":"2017-05-11T13:57:14","date_gmt":"2017-05-11T18:57:14","guid":{"rendered":"http:\/\/www.luizmendes.org\/wordpress\/?page_id=2739"},"modified":"2017-05-11T13:57:43","modified_gmt":"2017-05-11T18:57:43","slug":"infraestructura-y-orientaciones","status":"publish","type":"page","link":"https:\/\/www.luizmendes.org\/wordpress\/encuentro-para-el-nuevo-horizonte\/infraestructura-y-orientaciones\/","title":{"rendered":"Infraestructura y Orientaciones"},"content":{"rendered":"<h4>INFRAESTRUCTURA<\/h4>\n<p>Las instalaciones para visitantes son muy simples, como la propia comunidad: los alojamientos consisten en galpones en la floresta y tiendas con cobertura de lona. Por ese motivo se recomienda a los visitantes que lleven en su equipaje carpas de camping, colchonetas o redes y tela de mosquitero. Otra opci\u00f3n es alojarse en la casa de los habitantes de la propia comunidad. Entretanto, es indispensable comunicar anticipadamente esa intenci\u00f3n a la debida persona.<\/p>\n<p>Para los ba\u00f1os o duchas, hay una ducha grande colectiva en el centro de la comunidad que atiende las necesidades b\u00e1sicas de los visitantes. Los m\u00e1s aventureros pueden disfrutar de los ba\u00f1os refrescantes de la Rivera Traira. Los sanitarios o toilettes tambi\u00e9n son r\u00fasticos y construidos con mucha simplicidad.<\/p>\n<p>Las comidas son realizadas en la Cocina General, adonde son preparadas y servidas tres comidas diarias. Tambi\u00e9n hay un bar con men\u00fas y golosinas t\u00edpicas de la culinaria amaz\u00f3nica.<\/p>\n<p>Los visitantes pueden tambi\u00e9n contar con una peque\u00f1a tienda de productos artesanales. Entre los varios productos ofrecidos podemos encontrar: maracas, cuadernos de himnarios, rape, jarabes, capa de lluvia, camisetas, botas de goma, recuerdos del encuentro y mucho m\u00e1s.<\/p>\n<p>&nbsp;<\/p>\n<h4>ORIENTACIONES A LOS PARTICIPANTES DEL ENCUENTRO<\/h4>\n<p>Para participar del Encuentro Para el Nuevo Horizonte se hace necesario que el visitante efect\u00fae su registraci\u00f3n con la secretaria del CEFLI en el momento de su llegada a la Comunidad Fortaleza. Para que el registro sea efectivo se pide entonces una contribuci\u00f3n diaria de R$ 50 para cubrir los costos referentes a la alimentaci\u00f3n, hospedaje y manutenci\u00f3n de la infraestructura local. La contribuci\u00f3n total para participar del encuentro cuesta el equivalente a R$ 500. Vale la pena resaltar que no hay ning\u00fan tipo de cobranza en dinero o cualquier otro valor para participar de los rituales religiosos del CEFLI, conforme lo dispuesto en el art. 1ro del estatuto de fundaci\u00f3n y del reglamento interno del Centro Ecl\u00e9ctico Flor de Loto Iluminado. Es tambi\u00e9n en la secretaria, donde se encuentran todas las informaciones necesarias para los visitantes que llegan a la comunidad.<\/p>\n<p>Se recomienda a los participantes del Encuentro que lleven consigo productos de higiene personal, ropa de cama y ba\u00f1o, paraguas y principalmente botas de lluvia, debido al barro causado por el riguroso invierno amaz\u00f3nico, combinado a la gran circulaci\u00f3n de personas y veh\u00edculos. Es tambi\u00e9n indispensable en el equipaje, repelente, linterna, abrigo y etc. Para saber c\u00f3mo llegar a la Comunidad Fortaleza, <a href=\"https:\/\/www.luizmendes.org\/wordpress\/fortaleza-sp\/como-llegar\/\">pulse aqu\u00ed<\/a>.<\/p>\n\n            <!-- Blueimp gallery -->\n            <div id=\"blueimp-gallery-2273\" class=\"blueimp-gallery blueimp-gallery-controls\">\n                <div class=\"slides\"><\/div>\n                <h3 class=\"title\"><\/h3>\n                <a class=\"prev\">\u2039<\/a>\n                <a class=\"next\">\u203a<\/a>\n                <a class=\"close\">\u00d7<\/a>\n                <a class=\"play-pause\"><\/a>\n                <ol class=\"indicator\"><\/ol>\n                <div class=\"modal fade\">\n                    <div class=\"modal-dialog\">\n                        <div class=\"modal-content\">\n                            <div class=\"modal-header\">\n                                <button type=\"button\" class=\"close\" aria-hidden=\"true\">\u00d7<\/button>\n                                <h4 class=\"modal-title\"><\/h4>\n                            <\/div>\n                            <div class=\"modal-body next\"><\/div>\n                            <div class=\"modal-footer\">\n                                <button type=\"button\" class=\"btn btn-default pull-left prev\">\n                                    <i class=\"glyphicon glyphicon-chevron-left\"><\/i>\n                                    Previous                                <\/button>\n                                <button type=\"button\" class=\"btn btn-primary next\">\n                                    Next                                    <i class=\"glyphicon glyphicon-chevron-right\"><\/i>\n                                <\/button>\n                            <\/div>\n                        <\/div>\n                    <\/div>\n                <\/div>\n            <\/div>\n\n            <script type=\"text\/javascript\">\n            jQuery(function() {\n                jQuery.extend(blueimp.Gallery.prototype.options, {\n                    useBootstrapModal: false,\n                    hidePageScrollbars: false,\n                    container: \"#blueimp-gallery-2273\",\n                });\n            });\n            <\/script>\n\n            \n","protected":false},"excerpt":{"rendered":"<p>INFRAESTRUCTURA Las instalaciones para visitantes son muy simples, como la propia comunidad: los alojamientos consisten en galpones en la floresta y tiendas con cobertura de lona. Por ese motivo se recomienda a los visitantes que lleven en su equipaje carpas de camping, colchonetas o redes y tela de mosquitero. Otra opci\u00f3n es alojarse en la <a href=\"https:\/\/www.luizmendes.org\/wordpress\/?p=2273\" rel=\"nofollow\"><span class=\"sr-only\">Read more about Fortaleza- Infraestrutura<\/span>[&hellip;]<\/a><\/p>\n","protected":false},"author":14,"featured_media":0,"parent":2734,"menu_order":2,"comment_status":"closed","ping_status":"closed","template":"","meta":{"footnotes":"","_links_to":"","_links_to_target":""},"class_list":["post-2739","page","type-page","status-publish","hentry"],"_links":{"self":[{"href":"https:\/\/www.luizmendes.org\/wordpress\/wp-json\/wp\/v2\/pages\/2739"}],"collection":[{"href":"https:\/\/www.luizmendes.org\/wordpress\/wp-json\/wp\/v2\/pages"}],"about":[{"href":"https:\/\/www.luizmendes.org\/wordpress\/wp-json\/wp\/v2\/types\/page"}],"author":[{"embeddable":true,"href":"https:\/\/www.luizmendes.org\/wordpress\/wp-json\/wp\/v2\/users\/14"}],"replies":[{"embeddable":true,"href":"https:\/\/www.luizmendes.org\/wordpress\/wp-json\/wp\/v2\/comments?post=2739"}],"version-history":[{"count":3,"href":"https:\/\/www.luizmendes.org\/wordpress\/wp-json\/wp\/v2\/pages\/2739\/revisions"}],"predecessor-version":[{"id":2742,"href":"https:\/\/www.luizmendes.org\/wordpress\/wp-json\/wp\/v2\/pages\/2739\/revisions\/2742"}],"up":[{"embeddable":true,"href":"https:\/\/www.luizmendes.org\/wordpress\/wp-json\/wp\/v2\/pages\/2734"}],"wp:attachment":[{"href":"https:\/\/www.luizmendes.org\/wordpress\/wp-json\/wp\/v2\/media?parent=2739"}],"curies":[{"name":"wp","href":"https:\/\/api.w.org\/{rel}","templated":true}]}}