{"id":2746,"date":"2017-05-11T14:02:21","date_gmt":"2017-05-11T19:02:21","guid":{"rendered":"http:\/\/www.luizmendes.org\/wordpress\/?page_id=2746"},"modified":"2017-05-11T14:02:21","modified_gmt":"2017-05-11T19:02:21","slug":"despues-del-encuentro","status":"publish","type":"page","link":"https:\/\/www.luizmendes.org\/wordpress\/encuentro-para-el-nuevo-horizonte\/despues-del-encuentro\/","title":{"rendered":"Despu\u00e9s del Encuentro"},"content":{"rendered":"<p>Secuencialmente, las festividades del Encuentro Para el Nuevo Horizonte, el CEFLI instituyo una segunda programaci\u00f3n de trabajos denominada P\u00f3s-Encuentro, al observarse el gran n\u00famero de visitantes que todav\u00eda permanecen en la Comunidad Fortaleza.<\/p>\n<p>El P\u00f3s-Encuentro tiene como programaci\u00f3n principal la realizaci\u00f3n de un Feitio de Daime, a fin de suplementar las necesidades del CEFLI y de sus centros afiliados, adem\u00e1s de mostrar a los participantes del Feitio los principios, las ense\u00f1anzas y las historias acerca de la confecci\u00f3n del Santo Daime en los tiempos del Maestro Irineu.<\/p>\n<p>As\u00ed, siguen en la programaci\u00f3n del P\u00f3s-Encuentro, cuatro d\u00edas de Feitio intercalados por la ejecuci\u00f3n de cuatro himnarios:<\/p>\n<ul>\n<li>1er D\u00eda de Feitio: \u201cSeis de Enero\u201d de Jo\u00e3o Pereira<\/li>\n<li>2do D\u00eda de Feitio \u201cTu Eres Baliza\u201d de Germano Guilherme<\/li>\n<li>3ro D\u00eda de Feitio \u201cAmor Divino\u201d de Ant\u00f4nio Gomes<\/li>\n<li>4to D\u00eda de Feitio \u201cEl Mensajero\u201d de Maria Dami\u00e3o<\/li>\n<\/ul>\n<p>Tambi\u00e9n siguen intercalados en el descorrer de la programaci\u00f3n del P\u00f3s-Encuentro. La ejecuci\u00f3n de los himnarios \u201cNueva Jerusal\u00e9n\u201d de Padrino Sebasti\u00e3o Mota de Melo, \u201cEl Librito del Apocalipsis\u201d del Padrino Valdete Greg\u00f3rio, \u201cNueva Era\u201d de Padrino Alfredo Greg\u00f3rio y \u201cEl Apuro\u201d se Francisco Grangeiro, adem\u00e1s de otros.<\/p>\n<p>Para participar del P\u00f3s-Encuentro se hace necesario que sus participantes rehagan su registraci\u00f3n en la secretaria del CEFLI. Entonces se pide un valor diario de R$ 50 para cubrir costos referentes a hospedaje y alimentaci\u00f3n, adem\u00e1s de otros servicios b\u00e1sicos.<\/p>\n\n            <!-- Blueimp gallery -->\n            <div id=\"blueimp-gallery-2288\" class=\"blueimp-gallery blueimp-gallery-controls\">\n                <div class=\"slides\"><\/div>\n                <h3 class=\"title\"><\/h3>\n                <a class=\"prev\">\u2039<\/a>\n                <a class=\"next\">\u203a<\/a>\n                <a class=\"close\">\u00d7<\/a>\n                <a class=\"play-pause\"><\/a>\n                <ol class=\"indicator\"><\/ol>\n                <div class=\"modal fade\">\n                    <div class=\"modal-dialog\">\n                        <div class=\"modal-content\">\n                            <div class=\"modal-header\">\n                                <button type=\"button\" class=\"close\" aria-hidden=\"true\">\u00d7<\/button>\n                                <h4 class=\"modal-title\"><\/h4>\n                            <\/div>\n                            <div class=\"modal-body next\"><\/div>\n                            <div class=\"modal-footer\">\n                                <button type=\"button\" class=\"btn btn-default pull-left prev\">\n                                    <i class=\"glyphicon glyphicon-chevron-left\"><\/i>\n                                    Previous                                <\/button>\n                                <button type=\"button\" class=\"btn btn-primary next\">\n                                    Next                                    <i class=\"glyphicon glyphicon-chevron-right\"><\/i>\n                                <\/button>\n                            <\/div>\n                        <\/div>\n                    <\/div>\n                <\/div>\n            <\/div>\n\n            <script type=\"text\/javascript\">\n            jQuery(function() {\n                jQuery.extend(blueimp.Gallery.prototype.options, {\n                    useBootstrapModal: false,\n                    hidePageScrollbars: false,\n                    container: \"#blueimp-gallery-2288\",\n                });\n            });\n            <\/script>\n\n            \n","protected":false},"excerpt":{"rendered":"<p>Secuencialmente, las festividades del Encuentro Para el Nuevo Horizonte, el CEFLI instituyo una segunda programaci\u00f3n de trabajos denominada P\u00f3s-Encuentro, al observarse el gran n\u00famero de visitantes que todav\u00eda permanecen en la Comunidad Fortaleza. El P\u00f3s-Encuentro tiene como programaci\u00f3n principal la realizaci\u00f3n de un Feitio de Daime, a fin de suplementar las necesidades del CEFLI y <a href=\"https:\/\/www.luizmendes.org\/wordpress\/?p=2288\" rel=\"nofollow\"><span class=\"sr-only\">Read more about Encontro- P\u00f3s-Encontro<\/span>[&hellip;]<\/a><\/p>\n","protected":false},"author":14,"featured_media":0,"parent":2734,"menu_order":4,"comment_status":"closed","ping_status":"closed","template":"","meta":{"footnotes":"","_links_to":"","_links_to_target":""},"class_list":["post-2746","page","type-page","status-publish","hentry"],"_links":{"self":[{"href":"https:\/\/www.luizmendes.org\/wordpress\/wp-json\/wp\/v2\/pages\/2746"}],"collection":[{"href":"https:\/\/www.luizmendes.org\/wordpress\/wp-json\/wp\/v2\/pages"}],"about":[{"href":"https:\/\/www.luizmendes.org\/wordpress\/wp-json\/wp\/v2\/types\/page"}],"author":[{"embeddable":true,"href":"https:\/\/www.luizmendes.org\/wordpress\/wp-json\/wp\/v2\/users\/14"}],"replies":[{"embeddable":true,"href":"https:\/\/www.luizmendes.org\/wordpress\/wp-json\/wp\/v2\/comments?post=2746"}],"version-history":[{"count":1,"href":"https:\/\/www.luizmendes.org\/wordpress\/wp-json\/wp\/v2\/pages\/2746\/revisions"}],"predecessor-version":[{"id":2747,"href":"https:\/\/www.luizmendes.org\/wordpress\/wp-json\/wp\/v2\/pages\/2746\/revisions\/2747"}],"up":[{"embeddable":true,"href":"https:\/\/www.luizmendes.org\/wordpress\/wp-json\/wp\/v2\/pages\/2734"}],"wp:attachment":[{"href":"https:\/\/www.luizmendes.org\/wordpress\/wp-json\/wp\/v2\/media?parent=2746"}],"curies":[{"name":"wp","href":"https:\/\/api.w.org\/{rel}","templated":true}]}}