{"id":2765,"date":"2017-05-11T14:23:54","date_gmt":"2017-05-11T19:23:54","guid":{"rendered":"http:\/\/www.luizmendes.org\/wordpress\/?page_id=2765"},"modified":"2017-05-11T15:58:02","modified_gmt":"2017-05-11T20:58:02","slug":"biblioteca-pt","status":"publish","type":"page","link":"https:\/\/www.luizmendes.org\/wordpress\/biblioteca-pt\/","title":{"rendered":"Biblioteca (pt)"},"content":{"rendered":"<p><img loading=\"lazy\" decoding=\"async\" class=\"wp-image-1565 alignleft\" src=\"https:\/\/www.luizmendes.org\/wordpress\/wp-content\/uploads\/2017\/04\/ceflipeq.bmp\" alt=\"\" width=\"150\" height=\"150\" align=\"middle\" \/><\/p>\n<p style=\"text-align: left; padding-left: 180px;\"><a href=\"http:\/\/luizmendes.org\/biblioteca\/Decreto_CEFLI_2017.pdf\" target=\"_blank\" rel=\"noopener noreferrer\">Decreto de servi\u00e7o 2017<\/a><\/p>\n<p style=\"text-align: left; padding-left: 180px;\"><a href=\"http:\/\/luizmendes.org\/biblioteca\/Prece_de_Caritas.pdf\" target=\"_blank\" rel=\"noopener noreferrer\">Prece de C\u00e1ritas<\/a><\/p>\n<p style=\"text-align: left; padding-left: 180px;\"><a href=\"http:\/\/luizmendes.org\/biblioteca\/Salve_Rainha.pdf\" target=\"_blank\" rel=\"noopener noreferrer\">Salve Rainha<\/a><\/p>\n<p style=\"text-align: left; padding-left: 180px;\"><a href=\"http:\/\/luizmendes.org\/biblioteca\/Chave_de_Harmonia.pdf\" target=\"_blank\" rel=\"noopener noreferrer\">Chave de Harmonia<\/a><\/p>\n<p style=\"text-align: left; padding-left: 180px;\"><a href=\"http:\/\/luizmendes.org\/biblioteca\/Consagracao_do_Aposento.pdf\" target=\"_blank\" rel=\"noopener noreferrer\">Consagra\u00e7\u00e3o do Aposento<\/a><\/p>\n<p style=\"text-align: left; padding-left: 180px;\"><a href=\"http:\/\/luizmendes.org\/biblioteca\/Oracao_Sao_Francisco.pdf\" target=\"_blank\" rel=\"noopener noreferrer\">Ora\u00e7\u00e3o de S\u00e3o Francisco de Assis<\/a><\/p>\n<p style=\"text-align: left; padding-left: 180px;\"><a href=\"http:\/\/luizmendes.org\/biblioteca\/Terco.pdf\" target=\"_blank\" rel=\"noopener noreferrer\">Ter\u00e7o<\/a><\/p>\n<p style=\"text-align: left; padding-left: 180px;\"><a href=\"http:\/\/luizmendes.org\/biblioteca\/Ritualistica-dos-servicos.pdf\">Ritual\u00edstica dos Servi\u00e7os<\/a><\/p>\n<p style=\"text-align: left; padding-left: 180px;\"><a href=\"http:\/\/luizmendes.org\/biblioteca\/Logo-CEFLI.pdf\" target=\"_blank\" rel=\"noopener noreferrer\">Logo CEFLI<\/a><\/p>\n<hr \/>\n<p><img loading=\"lazy\" decoding=\"async\" class=\"wp-image-1893 size-thumbnail alignleft\" src=\"https:\/\/www.luizmendes.org\/wordpress\/wp-content\/uploads\/2017\/04\/foto-mestre-irineu-150x150.jpg\" alt=\"\" width=\"150\" height=\"150\" align=\"middle\" srcset=\"https:\/\/www.luizmendes.org\/wordpress\/wp-content\/uploads\/2017\/04\/foto-mestre-irineu-150x150.jpg 150w, https:\/\/www.luizmendes.org\/wordpress\/wp-content\/uploads\/2017\/04\/foto-mestre-irineu-180x180.jpg 180w, https:\/\/www.luizmendes.org\/wordpress\/wp-content\/uploads\/2017\/04\/foto-mestre-irineu-300x300.jpg 300w, https:\/\/www.luizmendes.org\/wordpress\/wp-content\/uploads\/2017\/04\/foto-mestre-irineu-600x600.jpg 600w, https:\/\/www.luizmendes.org\/wordpress\/wp-content\/uploads\/2017\/04\/foto-mestre-irineu-250x250.jpg 250w, https:\/\/www.luizmendes.org\/wordpress\/wp-content\/uploads\/2017\/04\/foto-mestre-irineu-174x174.jpg 174w\" sizes=\"(max-width: 150px) 100vw, 150px\" \/><\/p>\n<p><strong>Mestre Imperador Raimundo Irineu Serra<\/strong><\/p>\n<p style=\"padding-left: 180px;\"><a href=\"http:\/\/luizmendes.org\/biblioteca\/Decreto_de_Servico_1970.pdf\" target=\"_blank\" rel=\"noopener noreferrer\">Decreto de Servi\u00e7o 1970<\/a> (assinado por Mestre Irineu)<\/p>\n<p>&nbsp;<\/p>\n<p>&nbsp;<\/p>\n<p>&nbsp;<\/p>\n<hr \/>\n<p><img loading=\"lazy\" decoding=\"async\" class=\"alignleft wp-image-1359 size-thumbnail\" src=\"https:\/\/www.luizmendes.org\/wordpress\/wp-content\/uploads\/2009\/07\/17388862_10203034247732868_3779704943393154262_o-150x150.jpg\" alt=\"\" width=\"150\" height=\"150\" srcset=\"https:\/\/www.luizmendes.org\/wordpress\/wp-content\/uploads\/2009\/07\/17388862_10203034247732868_3779704943393154262_o-150x150.jpg 150w, https:\/\/www.luizmendes.org\/wordpress\/wp-content\/uploads\/2009\/07\/17388862_10203034247732868_3779704943393154262_o-230x230.jpg 230w, https:\/\/www.luizmendes.org\/wordpress\/wp-content\/uploads\/2009\/07\/17388862_10203034247732868_3779704943393154262_o-365x365.jpg 365w\" sizes=\"(max-width: 150px) 100vw, 150px\" \/><strong>Mestre Conselheiro Luiz Mendes do Nascimento<\/strong><\/p>\n<p style=\"padding-left: 180px;\"><a href=\"http:\/\/luizmendes.org\/biblioteca\/Depoimento_Luiz_Mendes.pdf\" target=\"_blank\" rel=\"noopener noreferrer\">Depoimento Luiz Mendes<\/a> (<a href=\"http:\/\/luizmendes.org\/biblioteca\/Luiz_Mendes_Testimony.pdf\" target=\"_blank\" rel=\"noopener noreferrer\">Luiz Mendes&#8217; Testimony<\/a>)<\/p>\n<p style=\"padding-left: 180px;\"><a href=\"https:\/\/www.luizmendes.org\/wordpress\/luiz-mendes-recitando-casmerim-sp\/\">Luiz Mendes recitando Casmerim<\/a><\/p>\n<p style=\"padding-left: 180px;\"><a href=\"https:\/\/www.luizmendes.org\/wordpress\/luiz-mendes-mestre-centenario-sp\/\">Luiz Mendes recitando Mestre Centen\u00e1rio<\/a><\/p>\n<p>&nbsp;<\/p>\n<p>&nbsp;<\/p>\n<hr \/>\n<p><a href=\"https:\/\/www.luizmendes.org\/wordpress\/wp-content\/uploads\/2017\/04\/Saturnino.jpg\"><img loading=\"lazy\" decoding=\"async\" class=\"wp-image-1828 size-thumbnail alignleft\" src=\"https:\/\/www.luizmendes.org\/wordpress\/wp-content\/uploads\/2017\/04\/Saturnino-150x150.jpg\" alt=\"\" width=\"150\" height=\"150\" srcset=\"https:\/\/www.luizmendes.org\/wordpress\/wp-content\/uploads\/2017\/04\/Saturnino-150x150.jpg 150w, https:\/\/www.luizmendes.org\/wordpress\/wp-content\/uploads\/2017\/04\/Saturnino-300x300.jpg 300w, https:\/\/www.luizmendes.org\/wordpress\/wp-content\/uploads\/2017\/04\/Saturnino-768x768.jpg 768w, https:\/\/www.luizmendes.org\/wordpress\/wp-content\/uploads\/2017\/04\/Saturnino-1024x1024.jpg 1024w, https:\/\/www.luizmendes.org\/wordpress\/wp-content\/uploads\/2017\/04\/Saturnino-250x250.jpg 250w, https:\/\/www.luizmendes.org\/wordpress\/wp-content\/uploads\/2017\/04\/Saturnino-174x174.jpg 174w, https:\/\/www.luizmendes.org\/wordpress\/wp-content\/uploads\/2017\/04\/Saturnino.jpg 2048w\" sizes=\"(max-width: 150px) 100vw, 150px\" \/><\/a><strong>Saturnino Brito do Nascimento<\/strong><\/p>\n<p style=\"padding-left: 180px;\"><a href=\"https:\/\/www.luizmendes.org\/wordpress\/terceiro-braco-do-cruzeiro-sp\">Terceiro bra\u00e7o do Cruzeiro<\/a><\/p>\n<p style=\"padding-left: 180px;\"><a href=\"https:\/\/www.luizmendes.org\/wordpress\/explicacao-ritualistica-da-entrega-dos-trabalhos-sp\/\">Explica\u00e7\u00e3o Ritual\u00edstica da Entrega dos Trabalhos<\/a><\/p>\n<p>&nbsp;<\/p>\n<p>&nbsp;<\/p>\n<hr \/>\n<p><img loading=\"lazy\" decoding=\"async\" class=\"wp-image-1803 size-thumbnail alignleft\" src=\"https:\/\/www.luizmendes.org\/wordpress\/wp-content\/uploads\/2017\/04\/Mad.-Chica-150x150.jpg\" alt=\"\" width=\"150\" height=\"150\" srcset=\"https:\/\/www.luizmendes.org\/wordpress\/wp-content\/uploads\/2017\/04\/Mad.-Chica-150x150.jpg 150w, https:\/\/www.luizmendes.org\/wordpress\/wp-content\/uploads\/2017\/04\/Mad.-Chica-250x250.jpg 250w, https:\/\/www.luizmendes.org\/wordpress\/wp-content\/uploads\/2017\/04\/Mad.-Chica-174x174.jpg 174w\" sizes=\"(max-width: 150px) 100vw, 150px\" \/><strong>Madrinha Francisca do Nascimento Furtado<br \/>\n<\/strong><\/p>\n<p style=\"padding-left: 180px;\"><a href=\"https:\/\/www.luizmendes.org\/wordpress\/bendito-da-sexta-feira-santa-sp\/\">Bendito da Sexta-Feira Santa<\/a><\/p>\n<p style=\"padding-left: 180px;\"><a href=\"https:\/\/www.luizmendes.org\/wordpress\/bendito-de-sao-jose-sp\/\">Bendito de S\u00e3o Jos\u00e9<\/a><\/p>\n<p>&nbsp;<\/p>\n<p>&nbsp;<\/p>\n","protected":false},"excerpt":{"rendered":"<p>Decreto de servi\u00e7o 2017 Prece de C\u00e1ritas Salve Rainha Chave de Harmonia Consagra\u00e7\u00e3o do Aposento Ora\u00e7\u00e3o de S\u00e3o Francisco de Assis Ter\u00e7o Ritual\u00edstica dos Servi\u00e7os Logo CEFLI Mestre Imperador Raimundo Irineu Serra Decreto de Servi\u00e7o 1970 (assinado por Mestre Irineu) &nbsp; &nbsp; &nbsp; Mestre Conselheiro Luiz Mendes do Nascimento Depoimento Luiz Mendes (Luiz Mendes&#8217; Testimony) <a href=\"https:\/\/www.luizmendes.org\/wordpress\/biblioteca-pt\/\" rel=\"nofollow\"><span class=\"sr-only\">Read more about Biblioteca (pt)<\/span>[&hellip;]<\/a><\/p>\n","protected":false},"author":14,"featured_media":0,"parent":0,"menu_order":5,"comment_status":"closed","ping_status":"closed","template":"","meta":{"footnotes":"","_links_to":"","_links_to_target":""},"class_list":["post-2765","page","type-page","status-publish","hentry"],"_links":{"self":[{"href":"https:\/\/www.luizmendes.org\/wordpress\/wp-json\/wp\/v2\/pages\/2765"}],"collection":[{"href":"https:\/\/www.luizmendes.org\/wordpress\/wp-json\/wp\/v2\/pages"}],"about":[{"href":"https:\/\/www.luizmendes.org\/wordpress\/wp-json\/wp\/v2\/types\/page"}],"author":[{"embeddable":true,"href":"https:\/\/www.luizmendes.org\/wordpress\/wp-json\/wp\/v2\/users\/14"}],"replies":[{"embeddable":true,"href":"https:\/\/www.luizmendes.org\/wordpress\/wp-json\/wp\/v2\/comments?post=2765"}],"version-history":[{"count":4,"href":"https:\/\/www.luizmendes.org\/wordpress\/wp-json\/wp\/v2\/pages\/2765\/revisions"}],"predecessor-version":[{"id":2843,"href":"https:\/\/www.luizmendes.org\/wordpress\/wp-json\/wp\/v2\/pages\/2765\/revisions\/2843"}],"wp:attachment":[{"href":"https:\/\/www.luizmendes.org\/wordpress\/wp-json\/wp\/v2\/media?parent=2765"}],"curies":[{"name":"wp","href":"https:\/\/api.w.org\/{rel}","templated":true}]}}