{"id":699,"date":"2011-07-27T17:07:14","date_gmt":"2011-07-27T20:07:14","guid":{"rendered":"http:\/\/www.luizmendes.org\/wordpress\/?page_id=699"},"modified":"2023-11-27T10:50:02","modified_gmt":"2023-11-27T15:50:02","slug":"cefli","status":"publish","type":"page","link":"https:\/\/www.luizmendes.org\/wordpress\/cefli\/","title":{"rendered":"CEFLI"},"content":{"rendered":"<h4><img loading=\"lazy\" decoding=\"async\" class=\"alignnone wp-image-1687 size-full\" src=\"https:\/\/www.luizmendes.org\/wordpress\/wp-content\/uploads\/2011\/07\/anigif3.gif\" alt=\"\" width=\"2000\" height=\"667\" \/><\/h4>\n<h4>A INSTITUI\u00c7\u00c3O<\/h4>\n<p><strong><a href=\"https:\/\/www.luizmendes.org\/wordpress\/wp-content\/uploads\/2017\/04\/ceflipeq.bmp\"><img loading=\"lazy\" decoding=\"async\" class=\"alignleft wp-image-1565 \" src=\"https:\/\/www.luizmendes.org\/wordpress\/wp-content\/uploads\/2017\/04\/ceflipeq.bmp\" alt=\"\" width=\"165\" height=\"165\" \/><\/a><\/strong>O Centro Ecl\u00e9tico Flor do L\u00f3tus Iluminado \u2013 CEFLI \u00e9 uma institui\u00e7\u00e3o jur\u00eddica filantr\u00f3pica\u00a0 fundada em 28 de junho de 1998 com o prop\u00f3sito principal de cultivar a Doutrina do Santo Daime conforme legado do Mestre Imperador Raimundo Irineu Serra. Seu objetivo \u00e9 uma integra\u00e7\u00e3o harmoniosa com a natureza, cultivando os valores espirituais, morais e ecol\u00f3gicos, tornando os seus membros conscientes dos direitos e obriga\u00e7\u00f5es do Ser Humano como um Todo.<\/p>\n<p>O CEFLI tamb\u00e9m objetiva a vida comunit\u00e1ria, atrav\u00e9s da qual visa\u00a0desenvolver projetos cooperativos nas \u00e1reas de sa\u00fade, educa\u00e7\u00e3o, produ\u00e7\u00e3o de alimentos, cultivos de ervas medicinais e das plantas que comp\u00f5em a\u00a0prepara\u00e7\u00e3o do Santo Daime, cria\u00e7\u00e3o de animais dom\u00e9sticos e silvestres, plantios permanentes, recupera\u00e7\u00e3o de \u00e1reas degradadas e preserva\u00e7\u00e3o ambiental. Enfim, o CEFLI almeja tornar-se comunitariamente auto-sustent\u00e1vel.<\/p>\n<p>O Centro Ecl\u00e9tico Flor do L\u00f3tus Iluminado possui 02 sedes para os cultos do Santo Daime. A sede <em>Estrela D\u2019Alva<\/em>, que localiza-se na Comunidade Fortaleza (munic\u00edpio de Capixaba\/AC) e foi eleita a matriz da Institui\u00e7\u00e3o do CEFLI. H\u00e1 tamb\u00e9m a sede <em>Luzeiro da Manh\u00e3<\/em>, coordenada pelo Sr. Em\u00edlio Furtado no munic\u00edpio de Bujari\/AC, a 20 km da capital do Acre. \u00c9 uma extens\u00e3o do CEFLI para os irm\u00e3os e membros que residem na cidade de Rio Branco\/AC. Al\u00e9m das 02 principais igrejas existem diversos centros daimistas amigos e simpatizantes do CEFLI que est\u00e3o ligados fraternalmente a comunidade Fortaleza e a Fam\u00edlia Mendes. Entre em contato conosco diretamente para obter mais detalhes em <a href=\"mailto:contato@luizmendes.org\">contato@luizmendes.org<\/a>.<\/p>\n<ul>\n<li><strong>Centro Ecl\u00e9tico Flor do L\u00f3tus Iluminado (CEFLI) \u2013 Estrela D\u2019Alva<\/strong>: presidido pelo Sr. Saturnino Nascimento.<\/li>\n<\/ul>\n<p style=\"padding-left: 120px;\"><img loading=\"lazy\" decoding=\"async\" class=\"alignnone \" src=\"http:\/\/luizmendes.org\/images\/gps.png\" width=\"20\" height=\"20\" \/> Comunidade Fortaleza, Capixaba\/AC<\/p>\n<hr \/>\n<ul>\n<li><strong>Centro Ecl\u00e9tico Flor do L\u00f3tus Iluminado (CEFLI) \u2013 Luzeiro da Manh\u00e3<\/strong>: presidido pelo Sr. Em\u00edlio Mendon\u00e7a.<\/li>\n<\/ul>\n<p style=\"padding-left: 120px;\"><img loading=\"lazy\" decoding=\"async\" class=\"alignnone \" src=\"http:\/\/luizmendes.org\/images\/gps.png\" width=\"20\" height=\"20\" \/> Bujari\/AC<\/p>\n<hr \/>\n<p style=\"padding-left: 120px;\">\n","protected":false},"excerpt":{"rendered":"<p>A INSTITUI\u00c7\u00c3O O Centro Ecl\u00e9tico Flor do L\u00f3tus Iluminado \u2013 CEFLI \u00e9 uma institui\u00e7\u00e3o jur\u00eddica filantr\u00f3pica\u00a0 fundada em 28 de junho de 1998 com o prop\u00f3sito principal de cultivar a Doutrina do Santo Daime conforme legado do Mestre Imperador Raimundo Irineu Serra. Seu objetivo \u00e9 uma integra\u00e7\u00e3o harmoniosa com a natureza, cultivando os valores espirituais, <a href=\"https:\/\/www.luizmendes.org\/wordpress\/cefli\/\" rel=\"nofollow\"><span class=\"sr-only\">Read more about CEFLI<\/span>[&hellip;]<\/a><\/p>\n","protected":false},"author":12,"featured_media":0,"parent":0,"menu_order":2,"comment_status":"closed","ping_status":"closed","template":"","meta":{"footnotes":"","_links_to":"","_links_to_target":""},"class_list":["post-699","page","type-page","status-publish","hentry"],"_links":{"self":[{"href":"https:\/\/www.luizmendes.org\/wordpress\/wp-json\/wp\/v2\/pages\/699"}],"collection":[{"href":"https:\/\/www.luizmendes.org\/wordpress\/wp-json\/wp\/v2\/pages"}],"about":[{"href":"https:\/\/www.luizmendes.org\/wordpress\/wp-json\/wp\/v2\/types\/page"}],"author":[{"embeddable":true,"href":"https:\/\/www.luizmendes.org\/wordpress\/wp-json\/wp\/v2\/users\/12"}],"replies":[{"embeddable":true,"href":"https:\/\/www.luizmendes.org\/wordpress\/wp-json\/wp\/v2\/comments?post=699"}],"version-history":[{"count":42,"href":"https:\/\/www.luizmendes.org\/wordpress\/wp-json\/wp\/v2\/pages\/699\/revisions"}],"predecessor-version":[{"id":3606,"href":"https:\/\/www.luizmendes.org\/wordpress\/wp-json\/wp\/v2\/pages\/699\/revisions\/3606"}],"wp:attachment":[{"href":"https:\/\/www.luizmendes.org\/wordpress\/wp-json\/wp\/v2\/media?parent=699"}],"curies":[{"name":"wp","href":"https:\/\/api.w.org\/{rel}","templated":true}]}}